{"id":9985,"date":"2022-11-08T15:49:27","date_gmt":"2022-11-08T13:49:27","guid":{"rendered":"https:\/\/alleegalerii.ee\/?post_type=product&#038;p=9985"},"modified":"2023-11-14T22:07:10","modified_gmt":"2023-11-14T20:07:10","slug":"efraim-allsalu-tartu-peetri-kirik-1970","status":"publish","type":"product","link":"https:\/\/alleegalerii.ee\/en\/shop\/efraim-allsalu-tartu-peetri-kirik-1970\/","title":{"rendered":"Efraim Allsalu &#8220;Tartu Peetri kirik&#8221;, 1970"},"content":{"rendered":"","protected":false},"excerpt":{"rendered":"<p>\u00d5li l\u00f5uendil. Raamitud.<\/p>\n<p>M\u00f5\u00f5dud: 73 x 100 cm<\/p>\n<p>1954. aastal ERKI kiitusega l\u00f5petanud Efraim Allsalu (1929-2006) tunneme kui tundliku v\u00e4rvitajuga kunstnikku. Nii portreedes, nat\u00fc\u00fcrmortides, linnavaadetes kui poolabstraktsetes kompositsioonides oma isikup\u00e4rase autoritehnika t\u00f5ttu silma j\u00e4\u00e4nud kunstniku puhul hinnatakse lisaks tema eksperimenteerivat loojanatuuri.<\/p>\n<p>Allsalu \u00fcheks signatuurv\u00e4rviks olid pruuni eri varjundid, millede leidmisel ja segamisel oli ta erakordselt andekas. Tartus asuv, m\u00e4e otsas k\u00f5rguv Peetri kirik oli kunstnikule oluliseks paigaks ning sama kiriku kalmistule on kunstnik ka ise maetud \u2013 koht, kus teiste seas puhkavad ka Konrad M\u00e4gi ja Ado Vabbe.<\/p>\n<p>Emaj\u00f5e \u00fcrgoru n\u00f5lval asuv uusgooti stiilis kirik sulandub teosel harmooniliselt \u00fcmbritsevasse keskkonda. Andes edasi paiga p\u00fcha erilisust, on kunstnik eriliselt s\u00fcmboolselt ja p\u00fchalikult kujutanud hoone kohal asuvat taevast.<\/p>\n","protected":false},"featured_media":9080,"template":"","meta":{"_acf_changed":false},"product_brand":[],"product_cat":[415,56,59],"product_tag":[60],"class_list":{"0":"post-9985","1":"product","2":"type-product","3":"status-publish","4":"has-post-thumbnail","6":"product_cat-maal","7":"product_cat-olimaal","8":"product_cat-e-pood","9":"product_tag-e-pood","11":"first","12":"instock","13":"sold-individually","14":"shipping-taxable","15":"purchasable","16":"product-type-simple"},"acf":[],"_links":{"self":[{"href":"https:\/\/alleegalerii.ee\/en\/wp-json\/wp\/v2\/product\/9985","targetHints":{"allow":["GET"]}}],"collection":[{"href":"https:\/\/alleegalerii.ee\/en\/wp-json\/wp\/v2\/product"}],"about":[{"href":"https:\/\/alleegalerii.ee\/en\/wp-json\/wp\/v2\/types\/product"}],"wp:featuredmedia":[{"embeddable":true,"href":"https:\/\/alleegalerii.ee\/en\/wp-json\/wp\/v2\/media\/9080"}],"wp:attachment":[{"href":"https:\/\/alleegalerii.ee\/en\/wp-json\/wp\/v2\/media?parent=9985"}],"wp:term":[{"taxonomy":"product_brand","embeddable":true,"href":"https:\/\/alleegalerii.ee\/en\/wp-json\/wp\/v2\/product_brand?post=9985"},{"taxonomy":"product_cat","embeddable":true,"href":"https:\/\/alleegalerii.ee\/en\/wp-json\/wp\/v2\/product_cat?post=9985"},{"taxonomy":"product_tag","embeddable":true,"href":"https:\/\/alleegalerii.ee\/en\/wp-json\/wp\/v2\/product_tag?post=9985"}],"curies":[{"name":"wp","href":"https:\/\/api.w.org\/{rel}","templated":true}]}}