{"id":9981,"date":"2022-11-07T21:07:11","date_gmt":"2022-11-07T19:07:11","guid":{"rendered":"https:\/\/alleegalerii.ee\/?post_type=product&#038;p=9981"},"modified":"2024-02-09T15:10:31","modified_gmt":"2024-02-09T13:10:31","slug":"eduard-poland-tuulest-viidud-1930","status":"publish","type":"product","link":"https:\/\/alleegalerii.ee\/en\/shop\/eduard-poland-tuulest-viidud-1930\/","title":{"rendered":"Eduard Poland &#8220;Tuulest viidud&#8221;, 1930"},"content":{"rendered":"","protected":false},"excerpt":{"rendered":"<p>Tempera, gua\u0161\u0161. Raamitud.<\/p>\n<p>M\u00f5\u00f5dud: 45 x 33 cm<\/p>\n<p>V\u00f5rtsj\u00e4rve \u00e4\u00e4res s\u00fcndinud Eduard Poland (1883-1957) tundis huvi maalimise vastu juba noore poisina, kui oma pereliikmetest fotode j\u00e4rgi portreid maalis.<\/p>\n<p>Hiljem kogemustepagasit nii Saksamaal, Prantsusmaal kui Itaalias t\u00e4iendanud Polandi teosed v\u00f5luvad oma vahetu looduselamuse pakkumisega, millesse on segatud m\u00f5\u00f5dukas annus tema anda fantaasiat.<\/p>\n<p>Nii hakkab \u201cTuulest viidud\u201d d\u00fcnaamiliselt m\u00f6\u00f6da maapinda edasi voolama, andes teosele hoopis uudse, m\u00fcstilise alatooniga m\u00f5\u00f5tme.<\/p>\n","protected":false},"featured_media":9687,"template":"","meta":{"_acf_changed":false},"product_brand":[],"product_cat":[415,59,69,78],"product_tag":[60],"class_list":{"0":"post-9981","1":"product","2":"type-product","3":"status-publish","4":"has-post-thumbnail","6":"product_cat-maal","7":"product_cat-e-pood","8":"product_cat-guass","9":"product_cat-tempera","10":"product_tag-e-pood","12":"first","13":"instock","14":"sold-individually","15":"shipping-taxable","16":"purchasable","17":"product-type-simple"},"acf":[],"_links":{"self":[{"href":"https:\/\/alleegalerii.ee\/en\/wp-json\/wp\/v2\/product\/9981","targetHints":{"allow":["GET"]}}],"collection":[{"href":"https:\/\/alleegalerii.ee\/en\/wp-json\/wp\/v2\/product"}],"about":[{"href":"https:\/\/alleegalerii.ee\/en\/wp-json\/wp\/v2\/types\/product"}],"wp:featuredmedia":[{"embeddable":true,"href":"https:\/\/alleegalerii.ee\/en\/wp-json\/wp\/v2\/media\/9687"}],"wp:attachment":[{"href":"https:\/\/alleegalerii.ee\/en\/wp-json\/wp\/v2\/media?parent=9981"}],"wp:term":[{"taxonomy":"product_brand","embeddable":true,"href":"https:\/\/alleegalerii.ee\/en\/wp-json\/wp\/v2\/product_brand?post=9981"},{"taxonomy":"product_cat","embeddable":true,"href":"https:\/\/alleegalerii.ee\/en\/wp-json\/wp\/v2\/product_cat?post=9981"},{"taxonomy":"product_tag","embeddable":true,"href":"https:\/\/alleegalerii.ee\/en\/wp-json\/wp\/v2\/product_tag?post=9981"}],"curies":[{"name":"wp","href":"https:\/\/api.w.org\/{rel}","templated":true}]}}