{"id":9807,"date":"2022-10-24T21:36:33","date_gmt":"2022-10-24T18:36:33","guid":{"rendered":"https:\/\/alleegalerii.ee\/?post_type=product&#038;p=9807"},"modified":"2023-11-14T22:07:21","modified_gmt":"2023-11-14T20:07:21","slug":"99-andres-tolts-obelisk-1994","status":"publish","type":"product","link":"https:\/\/alleegalerii.ee\/en\/shop\/99-andres-tolts-obelisk-1994\/","title":{"rendered":"99. ANDRES TOLTS &#8220;Obelisk&#8221;, 1994"},"content":{"rendered":"","protected":false},"excerpt":{"rendered":"<div class=\"wpb_wrapper is_stuck\">\n<div class=\"wpb_text_column wpb_content_element\">\n<div class=\"wpb_wrapper\">\n<p>Akr\u00fc\u00fcl l\u00f5uendil. 120 x 180 cm<\/p>\n<p>Legendaardse SOUP\u00b469 liige Andres Tolts (1949-2014) oli \u00fcks neist, kes 1960-ndate teises pooles t\u00f5i eesti kunsti kontseptuaalselt p\u00f6\u00f6rdelise hetke. Koos sama energiliste Leonhard Lapini ja Ando Keskk\u00fclaga asuti senist reaalsust \u00fcmber m\u00f5testama, otsima ja andma omapoolseid vastuseid, kuidas kunstnik saab \u00fcmbritsevat elukeskkonda omalt poolt muuta, m\u00f5jutada, parendada.<\/p>\n<p>1980ndail t\u00f5estas ta end taas pioneerina, olles \u00fcks esimesi postmodernismi maaletoojaid. Igavikulised s\u00fcmbolid esinevad tihti nii Andres Toltsi maalidel kui graafikas. 1994. aastal maalitud suurem\u00f5\u00f5tmeline \u201cObelisk\u201d on \u00fcks tema igavikuteema m\u00f5juvamaid kompositsioone, mida eksponeeriti ka 2009. aastal Tallinna Kunstihoones toimunud kunstniku retrospektiivn\u00e4itusel.<\/p>\n<p>M\u00e4ngides efektselt ruumi-illusiooniga ja metaf\u00fc\u00fcsilise maalile omase kummalise atmosf\u00e4\u00e4riga, ajab Tolts kavakindlalt segamini loodusliku- ja tehismaastiku, lastes teose keskel marmorist nimiobjektil sulada \u00fchte marmoreeringuga kaunistatud plaatidega. Kuid pangem t\u00e4hele, et isegi osa loodusest m\u00f5jub nagu mingi tehispind, analoog marmoreeringule. Nii h\u00e4gustab Tolts efektselt kunstiliste v\u00f5tetega seda, mida n\u00e4eme, ja liigub sujuvalt s\u00fcrrealistide m\u00e4ngumaale.<\/p>\n<\/div>\n<\/div>\n<\/div>\n","protected":false},"featured_media":9396,"template":"","meta":{"_acf_changed":false},"product_brand":[],"product_cat":[88],"product_tag":[],"class_list":{"0":"post-9807","1":"product","2":"type-product","3":"status-publish","4":"has-post-thumbnail","6":"product_cat-sugisoksjon-2022","7":"auction-is-closed","8":"current-user-is-not-highest-bidder","10":"first","11":"instock","12":"shipping-taxable","13":"purchasable","14":"product-type-auction"},"acf":[],"_links":{"self":[{"href":"https:\/\/alleegalerii.ee\/en\/wp-json\/wp\/v2\/product\/9807","targetHints":{"allow":["GET"]}}],"collection":[{"href":"https:\/\/alleegalerii.ee\/en\/wp-json\/wp\/v2\/product"}],"about":[{"href":"https:\/\/alleegalerii.ee\/en\/wp-json\/wp\/v2\/types\/product"}],"wp:featuredmedia":[{"embeddable":true,"href":"https:\/\/alleegalerii.ee\/en\/wp-json\/wp\/v2\/media\/9396"}],"wp:attachment":[{"href":"https:\/\/alleegalerii.ee\/en\/wp-json\/wp\/v2\/media?parent=9807"}],"wp:term":[{"taxonomy":"product_brand","embeddable":true,"href":"https:\/\/alleegalerii.ee\/en\/wp-json\/wp\/v2\/product_brand?post=9807"},{"taxonomy":"product_cat","embeddable":true,"href":"https:\/\/alleegalerii.ee\/en\/wp-json\/wp\/v2\/product_cat?post=9807"},{"taxonomy":"product_tag","embeddable":true,"href":"https:\/\/alleegalerii.ee\/en\/wp-json\/wp\/v2\/product_tag?post=9807"}],"curies":[{"name":"wp","href":"https:\/\/api.w.org\/{rel}","templated":true}]}}