{"id":9659,"date":"2022-10-20T15:34:05","date_gmt":"2022-10-20T12:34:05","guid":{"rendered":"https:\/\/alleegalerii.ee\/?post_type=product&#038;p=9659"},"modified":"2024-01-27T13:20:39","modified_gmt":"2024-01-27T11:20:39","slug":"enno-ootsing-sugisene-tee-1979","status":"publish","type":"product","link":"https:\/\/alleegalerii.ee\/en\/shop\/enno-ootsing-sugisene-tee-1979\/","title":{"rendered":"Enno Ootsing &#8220;S\u00fcgisene tee&#8221;, 1979"},"content":{"rendered":"","protected":false},"excerpt":{"rendered":"<p>M\u00dc\u00dcDUD<\/p>\n<p>Ofort. Raamitud.<\/p>\n<p>M\u00f5\u00f5dud: Plm 24,5 x 49 cm. Koos raamiga 53,5 x 76,5 cm<\/p>\n<p>Legendaarsesse ANK\u00b464 kunstir\u00fchmitusse kuulunud ning 1980. aastail ERKI graafikaosakonda juhtinud Enno Ootsingu (s 1940) loomingus leiame sageli viiteid lapsep\u00f5lvele, oma tee otsimisele ja leidmisele. Nii on ka \u201eS\u00fcgisene tee\u201c meeleolukas ja s\u00fcmboolne teos uue tee p\u00f5nevast algusest.<\/p>\n<p>Eri vanuses tegelaste r\u00fchmas on kunstnik aga selgelt leidnud enda peategelase, helgesse tulevikku oma esimesi samme astuva noormehe. Nii r\u00e4\u00e4gib kunstnik loo oma elutee leidmisest, uutest algusest ja l\u00f5putust potentsiaalist m\u00e4\u00e4rata iseenda elusaatus.<\/p>\n","protected":false},"featured_media":8643,"template":"","meta":{"_acf_changed":false},"product_brand":[],"product_cat":[61,57,59],"product_tag":[60],"class_list":{"0":"post-9659","1":"product","2":"type-product","3":"status-publish","4":"has-post-thumbnail","6":"product_cat-graafika","7":"product_cat-muudud","8":"product_cat-e-pood","9":"product_tag-e-pood","11":"first","12":"outofstock","13":"sold-individually","14":"shipping-taxable","15":"product-type-simple"},"acf":[],"_links":{"self":[{"href":"https:\/\/alleegalerii.ee\/en\/wp-json\/wp\/v2\/product\/9659","targetHints":{"allow":["GET"]}}],"collection":[{"href":"https:\/\/alleegalerii.ee\/en\/wp-json\/wp\/v2\/product"}],"about":[{"href":"https:\/\/alleegalerii.ee\/en\/wp-json\/wp\/v2\/types\/product"}],"wp:featuredmedia":[{"embeddable":true,"href":"https:\/\/alleegalerii.ee\/en\/wp-json\/wp\/v2\/media\/8643"}],"wp:attachment":[{"href":"https:\/\/alleegalerii.ee\/en\/wp-json\/wp\/v2\/media?parent=9659"}],"wp:term":[{"taxonomy":"product_brand","embeddable":true,"href":"https:\/\/alleegalerii.ee\/en\/wp-json\/wp\/v2\/product_brand?post=9659"},{"taxonomy":"product_cat","embeddable":true,"href":"https:\/\/alleegalerii.ee\/en\/wp-json\/wp\/v2\/product_cat?post=9659"},{"taxonomy":"product_tag","embeddable":true,"href":"https:\/\/alleegalerii.ee\/en\/wp-json\/wp\/v2\/product_tag?post=9659"}],"curies":[{"name":"wp","href":"https:\/\/api.w.org\/{rel}","templated":true}]}}