{"id":8845,"date":"2022-10-05T14:01:23","date_gmt":"2022-10-05T11:01:23","guid":{"rendered":"https:\/\/alleegalerii.ee\/?post_type=product&#038;p=8845"},"modified":"2024-01-27T12:56:23","modified_gmt":"2024-01-27T10:56:23","slug":"erich-pehap-pillimangijad-1947","status":"publish","type":"product","link":"https:\/\/alleegalerii.ee\/en\/shop\/erich-pehap-pillimangijad-1947\/","title":{"rendered":"Erich Pehap &#8220;Pillim\u00e4ngijad&#8221;, 1947"},"content":{"rendered":"","protected":false},"excerpt":{"rendered":"<p>M\u00dc\u00dcDUD<\/p>\n<p>Segatehnika paberil. Raamitud.<\/p>\n<p>M\u00f5\u00f5dud: Ava 21,5 x 29 cm. Raamiga: 40 x 49,5 cm<\/p>\n<p>Graafiku ja maalikunstniku, 1949. aastal Kanadasse emigreerunud Erich (Eric) Pehapi (1912-1983) roll toonase kunstimaastiku novaatorliku eestseisjana oli m\u00e4rkimisv\u00e4\u00e4rne. Juba s\u00f5ja ajal p\u00f5genikelaagris korraldas ta eesti kunsti n\u00e4itusi ning j\u00e4tkas selle edendamist ka hiljem Kanadas.<\/p>\n<p>K\u00e4esolev teos oli eksponeeritud septembris 2022 Allee galeriis toimunud Erich Pehapi m\u00e4lestusn\u00e4itusel ja on reprodutseeritud sellega kaasnenud <a href=\"https:\/\/alleegalerii.ee\/pood\/naituse-kataloog-erich-pehap-110-2022\/\">n\u00e4ituse kataloogis.\u00a0<\/a><\/p>\n","protected":false},"featured_media":7925,"template":"","meta":{"_acf_changed":false},"product_brand":[],"product_cat":[62,57,59],"product_tag":[60],"class_list":{"0":"post-8845","1":"product","2":"type-product","3":"status-publish","4":"has-post-thumbnail","6":"product_cat-joonistus","7":"product_cat-muudud","8":"product_cat-e-pood","9":"product_tag-e-pood","11":"first","12":"outofstock","13":"sold-individually","14":"shipping-taxable","15":"purchasable","16":"product-type-simple"},"acf":[],"_links":{"self":[{"href":"https:\/\/alleegalerii.ee\/en\/wp-json\/wp\/v2\/product\/8845","targetHints":{"allow":["GET"]}}],"collection":[{"href":"https:\/\/alleegalerii.ee\/en\/wp-json\/wp\/v2\/product"}],"about":[{"href":"https:\/\/alleegalerii.ee\/en\/wp-json\/wp\/v2\/types\/product"}],"wp:featuredmedia":[{"embeddable":true,"href":"https:\/\/alleegalerii.ee\/en\/wp-json\/wp\/v2\/media\/7925"}],"wp:attachment":[{"href":"https:\/\/alleegalerii.ee\/en\/wp-json\/wp\/v2\/media?parent=8845"}],"wp:term":[{"taxonomy":"product_brand","embeddable":true,"href":"https:\/\/alleegalerii.ee\/en\/wp-json\/wp\/v2\/product_brand?post=8845"},{"taxonomy":"product_cat","embeddable":true,"href":"https:\/\/alleegalerii.ee\/en\/wp-json\/wp\/v2\/product_cat?post=8845"},{"taxonomy":"product_tag","embeddable":true,"href":"https:\/\/alleegalerii.ee\/en\/wp-json\/wp\/v2\/product_tag?post=8845"}],"curies":[{"name":"wp","href":"https:\/\/api.w.org\/{rel}","templated":true}]}}