{"id":8680,"date":"2022-09-30T14:14:49","date_gmt":"2022-09-30T11:14:49","guid":{"rendered":"https:\/\/alleegalerii.ee\/?post_type=product&#038;p=8680"},"modified":"2024-01-27T13:11:36","modified_gmt":"2024-01-27T11:11:36","slug":"valdur-ohakas-vaade-peegelsiledale-jarvele-1980","status":"publish","type":"product","link":"https:\/\/alleegalerii.ee\/en\/shop\/valdur-ohakas-vaade-peegelsiledale-jarvele-1980\/","title":{"rendered":"Valdur Ohakas \u201cVaade peegelsiledale j\u00e4rvele&#8221;, 1980"},"content":{"rendered":"","protected":false},"excerpt":{"rendered":"<p>M\u00dc\u00dcDUD<\/p>\n<p>\u00d5li l\u00f5uendil. Raamitud.<\/p>\n<p>M\u00f5\u00f5dud: 85,5 x 103,5 cm. Raamiga 93,5 x 112,5 cm<\/p>\n<p>Valdur Ohakat (1925-1998) on \u00f5petanud nii Eerik Haamer, Johannes Greenberg, Elmar Kits kui Johannes V\u00f5erahansu.<\/p>\n<p>Tema suureformaadilise &#8220;Vaade peegelsiledale j\u00e4rvele&#8221; teeb v\u00f5luvaks tasakaalustatud kompositsioon. Dramaatilistele pilvedele pakub kontrasti tuulevaikse p\u00e4eva sile j\u00e4rvevesi, mis kannab edasi s\u00fcgisese looduse k\u00fcpset v\u00e4rvigammat.<\/p>\n<p>&nbsp;<\/p>\n<p>&nbsp;<\/p>\n","protected":false},"featured_media":8681,"template":"","meta":{"_acf_changed":false},"product_brand":[],"product_cat":[415,56,57,59],"product_tag":[60],"class_list":{"0":"post-8680","1":"product","2":"type-product","3":"status-publish","4":"has-post-thumbnail","6":"product_cat-maal","7":"product_cat-olimaal","8":"product_cat-muudud","9":"product_cat-e-pood","10":"product_tag-e-pood","12":"first","13":"outofstock","14":"sold-individually","15":"shipping-taxable","16":"purchasable","17":"product-type-simple"},"acf":[],"_links":{"self":[{"href":"https:\/\/alleegalerii.ee\/en\/wp-json\/wp\/v2\/product\/8680","targetHints":{"allow":["GET"]}}],"collection":[{"href":"https:\/\/alleegalerii.ee\/en\/wp-json\/wp\/v2\/product"}],"about":[{"href":"https:\/\/alleegalerii.ee\/en\/wp-json\/wp\/v2\/types\/product"}],"wp:featuredmedia":[{"embeddable":true,"href":"https:\/\/alleegalerii.ee\/en\/wp-json\/wp\/v2\/media\/8681"}],"wp:attachment":[{"href":"https:\/\/alleegalerii.ee\/en\/wp-json\/wp\/v2\/media?parent=8680"}],"wp:term":[{"taxonomy":"product_brand","embeddable":true,"href":"https:\/\/alleegalerii.ee\/en\/wp-json\/wp\/v2\/product_brand?post=8680"},{"taxonomy":"product_cat","embeddable":true,"href":"https:\/\/alleegalerii.ee\/en\/wp-json\/wp\/v2\/product_cat?post=8680"},{"taxonomy":"product_tag","embeddable":true,"href":"https:\/\/alleegalerii.ee\/en\/wp-json\/wp\/v2\/product_tag?post=8680"}],"curies":[{"name":"wp","href":"https:\/\/api.w.org\/{rel}","templated":true}]}}