{"id":7880,"date":"2022-09-05T16:47:44","date_gmt":"2022-09-05T13:47:44","guid":{"rendered":"https:\/\/alleegalerii.ee\/?post_type=product&#038;p=7880"},"modified":"2023-11-14T22:07:31","modified_gmt":"2023-11-14T20:07:31","slug":"saabumas-e-poodi-erich-pehap-port-de-grave-1976","status":"publish","type":"product","link":"https:\/\/alleegalerii.ee\/en\/shop\/saabumas-e-poodi-erich-pehap-port-de-grave-1976\/","title":{"rendered":"Erich Pehap &#8220;Port de Grave&#8221;, 1976"},"content":{"rendered":"","protected":false},"excerpt":{"rendered":"<p>Teost saab n\u00e4ha ja osta galeriist.<\/p>\n<p>\u00d5li l\u00f5uendil. Raamitud.<\/p>\n<p>M\u00f5\u00f5dud:\u00a0 65 x 86 cm. Koos raamiga 67,1 x 87,9 cm.<\/p>\n<p>Graafiku ja maalikunstniku, 1949. aastal Kanadasse emigreerunud Erich (Eric) Pehapi (1912-1983) roll toonase kunstimaastiku novaatorliku eestseisjana oli m\u00e4rkimisv\u00e4\u00e4rne. Juba s\u00f5ja ajal p\u00f5genikelaagris korraldas ta eesti kunsti n\u00e4itusi ning j\u00e4tkas selle edendamist ka hiljem Kanadas. K\u00e4esolev teoski on valminud tema uuel kodumaal, Port de Grave\u00b4i poolsaarel Newfoundlandis.<\/p>\n<p>K\u00e4esolev teos on eksponeeritud septembris 2022 Allee galeriis toimuval Erich Pehapi m\u00e4lestusn\u00e4itusel.<\/p>\n<p>PS! Teos vajab kerget restaureerimist.<\/p>\n<p>&nbsp;<\/p>\n<p>&nbsp;<\/p>\n","protected":false},"featured_media":7882,"template":"","meta":{"_acf_changed":false},"product_brand":[],"product_cat":[415,56,59],"product_tag":[60],"class_list":{"0":"post-7880","1":"product","2":"type-product","3":"status-publish","4":"has-post-thumbnail","6":"product_cat-maal","7":"product_cat-olimaal","8":"product_cat-e-pood","9":"product_tag-e-pood","11":"first","12":"outofstock","13":"shipping-taxable","14":"product-type-simple"},"acf":[],"_links":{"self":[{"href":"https:\/\/alleegalerii.ee\/en\/wp-json\/wp\/v2\/product\/7880","targetHints":{"allow":["GET"]}}],"collection":[{"href":"https:\/\/alleegalerii.ee\/en\/wp-json\/wp\/v2\/product"}],"about":[{"href":"https:\/\/alleegalerii.ee\/en\/wp-json\/wp\/v2\/types\/product"}],"wp:featuredmedia":[{"embeddable":true,"href":"https:\/\/alleegalerii.ee\/en\/wp-json\/wp\/v2\/media\/7882"}],"wp:attachment":[{"href":"https:\/\/alleegalerii.ee\/en\/wp-json\/wp\/v2\/media?parent=7880"}],"wp:term":[{"taxonomy":"product_brand","embeddable":true,"href":"https:\/\/alleegalerii.ee\/en\/wp-json\/wp\/v2\/product_brand?post=7880"},{"taxonomy":"product_cat","embeddable":true,"href":"https:\/\/alleegalerii.ee\/en\/wp-json\/wp\/v2\/product_cat?post=7880"},{"taxonomy":"product_tag","embeddable":true,"href":"https:\/\/alleegalerii.ee\/en\/wp-json\/wp\/v2\/product_tag?post=7880"}],"curies":[{"name":"wp","href":"https:\/\/api.w.org\/{rel}","templated":true}]}}