{"id":7853,"date":"2022-09-04T09:59:46","date_gmt":"2022-09-04T06:59:46","guid":{"rendered":"https:\/\/alleegalerii.ee\/?post_type=product&#038;p=7853"},"modified":"2025-02-07T16:22:34","modified_gmt":"2025-02-07T14:22:34","slug":"saabumas-e-poodi-erich-pehap-2","status":"publish","type":"product","link":"https:\/\/alleegalerii.ee\/en\/shop\/saabumas-e-poodi-erich-pehap-2\/","title":{"rendered":"Erich Pehap &#8220;S\u00f5brannad&#8221;, 1946"},"content":{"rendered":"","protected":false},"excerpt":{"rendered":"<p>M\u00dc\u00dcDUD.<\/p>\n<p>Akvarell. Raamitud.<\/p>\n<p>M\u00f5\u00f5dud: 17,3 x 20,9 cm. Koos raamiga 39,1 x 48,9 cm.<\/p>\n<p>Graafiku ja maalikunstniku, 1949. aastal Kanadasse emigreerunud Erich (Eric) Pehapi (1912-1983) roll toonase kunstimaastiku novaatorliku eestseisjana oli m\u00e4rkimisv\u00e4\u00e4rne. Juba s\u00f5ja ajal p\u00f5genikelaagris korraldas ta eesti kunsti n\u00e4itusi ning j\u00e4tkas selle edendamist ka hiljem Kanadas.<\/p>\n<p>K\u00e4esolev teos on eksponeeritud septembris 2022 Allee galeriis toimuval Erich Pehapi m\u00e4lestusn\u00e4itusel.<\/p>\n","protected":false},"featured_media":7854,"template":"","meta":{"_acf_changed":false},"product_brand":[],"product_cat":[415,54,57,59],"product_tag":[60],"class_list":{"0":"post-7853","1":"product","2":"type-product","3":"status-publish","4":"has-post-thumbnail","6":"product_cat-maal","7":"product_cat-akvarell","8":"product_cat-muudud","9":"product_cat-e-pood","10":"product_tag-e-pood","12":"first","13":"outofstock","14":"shipping-taxable","15":"purchasable","16":"product-type-simple"},"acf":[],"_links":{"self":[{"href":"https:\/\/alleegalerii.ee\/en\/wp-json\/wp\/v2\/product\/7853","targetHints":{"allow":["GET"]}}],"collection":[{"href":"https:\/\/alleegalerii.ee\/en\/wp-json\/wp\/v2\/product"}],"about":[{"href":"https:\/\/alleegalerii.ee\/en\/wp-json\/wp\/v2\/types\/product"}],"wp:featuredmedia":[{"embeddable":true,"href":"https:\/\/alleegalerii.ee\/en\/wp-json\/wp\/v2\/media\/7854"}],"wp:attachment":[{"href":"https:\/\/alleegalerii.ee\/en\/wp-json\/wp\/v2\/media?parent=7853"}],"wp:term":[{"taxonomy":"product_brand","embeddable":true,"href":"https:\/\/alleegalerii.ee\/en\/wp-json\/wp\/v2\/product_brand?post=7853"},{"taxonomy":"product_cat","embeddable":true,"href":"https:\/\/alleegalerii.ee\/en\/wp-json\/wp\/v2\/product_cat?post=7853"},{"taxonomy":"product_tag","embeddable":true,"href":"https:\/\/alleegalerii.ee\/en\/wp-json\/wp\/v2\/product_tag?post=7853"}],"curies":[{"name":"wp","href":"https:\/\/api.w.org\/{rel}","templated":true}]}}