{"id":7844,"date":"2022-09-03T15:18:55","date_gmt":"2022-09-03T12:18:55","guid":{"rendered":"https:\/\/alleegalerii.ee\/?post_type=product&#038;p=7844"},"modified":"2024-04-19T22:48:26","modified_gmt":"2024-04-19T19:48:26","slug":"eduard-spoerer-austrikasvandus-normandias-19-sajandi-lopp","status":"publish","type":"product","link":"https:\/\/alleegalerii.ee\/en\/shop\/eduard-spoerer-austrikasvandus-normandias-19-sajandi-lopp\/","title":{"rendered":"Eduard Spoerer \u201cAustrikasvandus Normandias\u201d, 19. sajandi l\u00f5pp"},"content":{"rendered":"","protected":false},"excerpt":{"rendered":"<p>\u00d5li. Raamitud.<\/p>\n<p>M\u00f5\u00f5dud: <span style=\"font-weight: 400;\">46,4 x 65<\/span> cm. Raamiga 59 x 77 cm.<\/p>\n<p>Tallinnas s\u00fcndinud Eduard Spoerer (1841-1898) \u00f5ppis 1859-1868 Peterburi Kunstide Akadeemias. Alates 1870. aastast elas ta D\u00fcsseldorfis, kus sai muuhulgas n\u00e4pun\u00e4iteid kuulsalt baltisaksa kunstnikult Eugen D\u00fcckerilt. Peale Saksamaa ja \u0160veitsi on Spoerer palju maalinud Prantsusmaal, eriti Bretannias ja Normandias. Just viimase aineil on valminud ka k\u00e4esolev teos.<\/p>\n<p>&nbsp;<\/p>\n","protected":false},"featured_media":7845,"template":"","meta":{"_acf_changed":false},"product_brand":[],"product_cat":[415,56,59],"product_tag":[60],"class_list":{"0":"post-7844","1":"product","2":"type-product","3":"status-publish","4":"has-post-thumbnail","6":"product_cat-maal","7":"product_cat-olimaal","8":"product_cat-e-pood","9":"product_tag-e-pood","11":"first","12":"outofstock","13":"sold-individually","14":"shipping-taxable","15":"purchasable","16":"product-type-simple"},"acf":[],"_links":{"self":[{"href":"https:\/\/alleegalerii.ee\/en\/wp-json\/wp\/v2\/product\/7844","targetHints":{"allow":["GET"]}}],"collection":[{"href":"https:\/\/alleegalerii.ee\/en\/wp-json\/wp\/v2\/product"}],"about":[{"href":"https:\/\/alleegalerii.ee\/en\/wp-json\/wp\/v2\/types\/product"}],"wp:featuredmedia":[{"embeddable":true,"href":"https:\/\/alleegalerii.ee\/en\/wp-json\/wp\/v2\/media\/7845"}],"wp:attachment":[{"href":"https:\/\/alleegalerii.ee\/en\/wp-json\/wp\/v2\/media?parent=7844"}],"wp:term":[{"taxonomy":"product_brand","embeddable":true,"href":"https:\/\/alleegalerii.ee\/en\/wp-json\/wp\/v2\/product_brand?post=7844"},{"taxonomy":"product_cat","embeddable":true,"href":"https:\/\/alleegalerii.ee\/en\/wp-json\/wp\/v2\/product_cat?post=7844"},{"taxonomy":"product_tag","embeddable":true,"href":"https:\/\/alleegalerii.ee\/en\/wp-json\/wp\/v2\/product_tag?post=7844"}],"curies":[{"name":"wp","href":"https:\/\/api.w.org\/{rel}","templated":true}]}}