{"id":7837,"date":"2022-09-03T09:34:01","date_gmt":"2022-09-03T06:34:01","guid":{"rendered":"https:\/\/alleegalerii.ee\/?post_type=product&#038;p=7837"},"modified":"2023-11-14T22:07:31","modified_gmt":"2023-11-14T20:07:31","slug":"erich-pehap-piknik","status":"publish","type":"product","link":"https:\/\/alleegalerii.ee\/en\/shop\/erich-pehap-piknik\/","title":{"rendered":"Erich Pehap &#8220;Piknik&#8221;, 1947"},"content":{"rendered":"","protected":false},"excerpt":{"rendered":"<p>Akvarell. Raamitud.<\/p>\n<p>M\u00f5\u00f5dud: 22,6 x 25,7 cm. Raamiga: 43,6 x 50,6 cm.<\/p>\n<p>Graafiku ja maalikunstniku, 1949. aastal Kanadasse emigreerunud Erich (Eric) Pehapi (1912-1983) roll toonase kunstimaastiku novaatorliku eestseisjana oli m\u00e4rkimisv\u00e4\u00e4rne. Juba s\u00f5ja ajal p\u00f5genikelaagris korraldas ta eesti kunsti n\u00e4itusi ning j\u00e4tkas selle edendamist ka hiljem Kanadas.<\/p>\n<p>K\u00e4esolev teos on valminud tema Rootsi perioodil, mil kunstnik t\u00f6\u00f6tas reklaamib\u00fcroos ning n\u00e4dalavahetuseti tegeles oma lemmiktegevuse ehk maalimisega. Katsetusaltina on Pehap siin vaid \u00fcht tooni kasutades andnud edasi \u00f5dusa p\u00fchap\u00e4eva sooja id\u00fclli.<\/p>\n<p>K\u00e4esolev teos on eksponeeritud septembris 2022 Allee galeriis toimuval Erich Pehapi m\u00e4lestusn\u00e4itusel.<\/p>\n","protected":false},"featured_media":7924,"template":"","meta":{"_acf_changed":false},"product_brand":[],"product_cat":[415,54,59],"product_tag":[60],"class_list":{"0":"post-7837","1":"product","2":"type-product","3":"status-publish","4":"has-post-thumbnail","6":"product_cat-maal","7":"product_cat-akvarell","8":"product_cat-e-pood","9":"product_tag-e-pood","11":"first","12":"outofstock","13":"sold-individually","14":"shipping-taxable","15":"product-type-simple"},"acf":[],"_links":{"self":[{"href":"https:\/\/alleegalerii.ee\/en\/wp-json\/wp\/v2\/product\/7837","targetHints":{"allow":["GET"]}}],"collection":[{"href":"https:\/\/alleegalerii.ee\/en\/wp-json\/wp\/v2\/product"}],"about":[{"href":"https:\/\/alleegalerii.ee\/en\/wp-json\/wp\/v2\/types\/product"}],"wp:featuredmedia":[{"embeddable":true,"href":"https:\/\/alleegalerii.ee\/en\/wp-json\/wp\/v2\/media\/7924"}],"wp:attachment":[{"href":"https:\/\/alleegalerii.ee\/en\/wp-json\/wp\/v2\/media?parent=7837"}],"wp:term":[{"taxonomy":"product_brand","embeddable":true,"href":"https:\/\/alleegalerii.ee\/en\/wp-json\/wp\/v2\/product_brand?post=7837"},{"taxonomy":"product_cat","embeddable":true,"href":"https:\/\/alleegalerii.ee\/en\/wp-json\/wp\/v2\/product_cat?post=7837"},{"taxonomy":"product_tag","embeddable":true,"href":"https:\/\/alleegalerii.ee\/en\/wp-json\/wp\/v2\/product_tag?post=7837"}],"curies":[{"name":"wp","href":"https:\/\/api.w.org\/{rel}","templated":true}]}}