{"id":7796,"date":"2022-08-25T13:20:21","date_gmt":"2022-08-25T10:20:21","guid":{"rendered":"https:\/\/alleegalerii.ee\/?post_type=product&#038;p=7796"},"modified":"2026-04-09T15:11:12","modified_gmt":"2026-04-09T12:11:12","slug":"alar-paaro-yin-yang","status":"publish","type":"product","link":"https:\/\/alleegalerii.ee\/en\/shop\/alar-paaro-yin-yang\/","title":{"rendered":"Alar P\u00e4\u00e4ro \u201cYin Yang\u201d"},"content":{"rendered":"","protected":false},"excerpt":{"rendered":"<p>\u00d5li l\u00f5uendil. Raamitud.<\/p>\n<p>M\u00f5\u00f5dud: 85,5 x 85,5 cm.<\/p>\n<p>Alar P\u00e4\u00e4ro (s 1958) teoseid on eksponeeritud n\u00e4itustel nii Eestis kui Soomes. Esmase kunstihariduse sai P\u00e4\u00e4ro J\u00f5hvi Laste Kunstikoolist, kus \u00f5ppis \u00f5petajate Peeter Somelani ja Aleksander Igonini k\u00e4e all. Kunstnik ise on \u00f6elnud, et teda v\u00f5luvad maalides eelk\u00f5ige kolm asja: suhted, vorm ja poosid.<\/p>\n<p>Teosega tutvumiseks palun andke m\u00e4rku ning toimetame selle laost hea meelega galeriisse.<\/p>\n","protected":false},"featured_media":7797,"template":"","meta":{"_acf_changed":false},"product_brand":[],"product_cat":[415,56,59],"product_tag":[60],"class_list":{"0":"post-7796","1":"product","2":"type-product","3":"status-publish","4":"has-post-thumbnail","6":"product_cat-maal","7":"product_cat-olimaal","8":"product_cat-e-pood","9":"product_tag-e-pood","11":"first","12":"instock","13":"sold-individually","14":"shipping-taxable","15":"purchasable","16":"product-type-simple"},"acf":[],"_links":{"self":[{"href":"https:\/\/alleegalerii.ee\/en\/wp-json\/wp\/v2\/product\/7796","targetHints":{"allow":["GET"]}}],"collection":[{"href":"https:\/\/alleegalerii.ee\/en\/wp-json\/wp\/v2\/product"}],"about":[{"href":"https:\/\/alleegalerii.ee\/en\/wp-json\/wp\/v2\/types\/product"}],"wp:featuredmedia":[{"embeddable":true,"href":"https:\/\/alleegalerii.ee\/en\/wp-json\/wp\/v2\/media\/7797"}],"wp:attachment":[{"href":"https:\/\/alleegalerii.ee\/en\/wp-json\/wp\/v2\/media?parent=7796"}],"wp:term":[{"taxonomy":"product_brand","embeddable":true,"href":"https:\/\/alleegalerii.ee\/en\/wp-json\/wp\/v2\/product_brand?post=7796"},{"taxonomy":"product_cat","embeddable":true,"href":"https:\/\/alleegalerii.ee\/en\/wp-json\/wp\/v2\/product_cat?post=7796"},{"taxonomy":"product_tag","embeddable":true,"href":"https:\/\/alleegalerii.ee\/en\/wp-json\/wp\/v2\/product_tag?post=7796"}],"curies":[{"name":"wp","href":"https:\/\/api.w.org\/{rel}","templated":true}]}}