{"id":7793,"date":"2022-08-25T13:17:49","date_gmt":"2022-08-25T10:17:49","guid":{"rendered":"https:\/\/alleegalerii.ee\/?post_type=product&#038;p=7793"},"modified":"2024-01-27T13:07:22","modified_gmt":"2024-01-27T11:07:22","slug":"alar-paaro-pohjamaa-maed-2003","status":"publish","type":"product","link":"https:\/\/alleegalerii.ee\/en\/shop\/alar-paaro-pohjamaa-maed-2003\/","title":{"rendered":"Alar P\u00e4\u00e4ro \u201cP\u00f5hjamaa m\u00e4ed\u201d, 2003"},"content":{"rendered":"","protected":false},"excerpt":{"rendered":"<p>M\u00dc\u00dcDUD<\/p>\n<p>\u00d5li l\u00f5uendil. Raamitud.<\/p>\n<p>M\u00f5\u00f5dud: 78 x 100 cm<\/p>\n<p>Alar P\u00e4\u00e4ro (s 1958) teoseid on eksponeeritud n\u00e4itustel nii Eestis kui Soomes. P\u00e4\u00e4ro tundis tungi kunsti ja loomise suunas juba noore poisina, kui salaja koolitundidest puudus ning vanemate teadmata J\u00f5hvi Laste Kunstikooli sisseastumiseksamitele l\u00e4ks. Kolm aastat \u00f5petajate Peeter Somelani ja Aleksander Igonini k\u00e4e all andsid talle p\u00f5hiteadmised nii maalist, joonistamisest kui skulptuurist. Nii seadiski P\u00e4\u00e4ro hiljem P\u00e4rnumaale kolides seal sisse v\u00e4ikese ateljee, et oma ideed ja teadmised l\u00f5uendile kanda. P\u00e4rnu kandile on kunstnik truuks j\u00e4\u00e4nud siiani.<\/p>\n","protected":false},"featured_media":7806,"template":"","meta":{"_acf_changed":false},"product_brand":[],"product_cat":[415,56,57,59],"product_tag":[60],"class_list":{"0":"post-7793","1":"product","2":"type-product","3":"status-publish","4":"has-post-thumbnail","6":"product_cat-maal","7":"product_cat-olimaal","8":"product_cat-muudud","9":"product_cat-e-pood","10":"product_tag-e-pood","12":"first","13":"outofstock","14":"sold-individually","15":"shipping-taxable","16":"purchasable","17":"product-type-simple"},"acf":[],"_links":{"self":[{"href":"https:\/\/alleegalerii.ee\/en\/wp-json\/wp\/v2\/product\/7793","targetHints":{"allow":["GET"]}}],"collection":[{"href":"https:\/\/alleegalerii.ee\/en\/wp-json\/wp\/v2\/product"}],"about":[{"href":"https:\/\/alleegalerii.ee\/en\/wp-json\/wp\/v2\/types\/product"}],"wp:featuredmedia":[{"embeddable":true,"href":"https:\/\/alleegalerii.ee\/en\/wp-json\/wp\/v2\/media\/7806"}],"wp:attachment":[{"href":"https:\/\/alleegalerii.ee\/en\/wp-json\/wp\/v2\/media?parent=7793"}],"wp:term":[{"taxonomy":"product_brand","embeddable":true,"href":"https:\/\/alleegalerii.ee\/en\/wp-json\/wp\/v2\/product_brand?post=7793"},{"taxonomy":"product_cat","embeddable":true,"href":"https:\/\/alleegalerii.ee\/en\/wp-json\/wp\/v2\/product_cat?post=7793"},{"taxonomy":"product_tag","embeddable":true,"href":"https:\/\/alleegalerii.ee\/en\/wp-json\/wp\/v2\/product_tag?post=7793"}],"curies":[{"name":"wp","href":"https:\/\/api.w.org\/{rel}","templated":true}]}}