{"id":7782,"date":"2022-08-24T17:00:27","date_gmt":"2022-08-24T14:00:27","guid":{"rendered":"https:\/\/alleegalerii.ee\/?post_type=product&#038;p=7782"},"modified":"2023-11-14T22:07:15","modified_gmt":"2023-11-14T20:07:15","slug":"alar-paaro-arc-de-triomphe","status":"publish","type":"product","link":"https:\/\/alleegalerii.ee\/en\/shop\/alar-paaro-arc-de-triomphe\/","title":{"rendered":"Alar P\u00e4\u00e4ro \u201cArc de Triomphe&#8221;"},"content":{"rendered":"","protected":false},"excerpt":{"rendered":"<p>\u00d5li l\u00f5uendil. Raamitud.<\/p>\n<p>M\u00f5\u00f5dud: 45,5 x 50,5 cm<\/p>\n<p>Alar P\u00e4\u00e4ro (s 1958) teoseid on eksponeeritud n\u00e4itustel nii Eestis kui Soomes. Esmase kunstihariduse sai P\u00e4\u00e4ro J\u00f5hvi Laste Kunstikoolist, kus \u00f5ppis \u00f5petajate Peeter Somelani ja Aleksander Igonini k\u00e4e all. Kunstnik ise on \u00f6elnud, et teda v\u00f5luvad maalides eelk\u00f5ige kolm asja: suhted, vorm ja poosid. Lemmikv\u00e4rviks on pruun, millest P\u00e4\u00e4ro oskab v\u00e4lja v\u00f5luda selle k\u00f5ige peidetumad alatoonid.<\/p>\n","protected":false},"featured_media":7783,"template":"","meta":{"_acf_changed":false},"product_brand":[],"product_cat":[415,56,59],"product_tag":[60],"class_list":{"0":"post-7782","1":"product","2":"type-product","3":"status-publish","4":"has-post-thumbnail","6":"product_cat-maal","7":"product_cat-olimaal","8":"product_cat-e-pood","9":"product_tag-e-pood","11":"first","12":"outofstock","13":"sold-individually","14":"shipping-taxable","15":"product-type-simple"},"acf":[],"_links":{"self":[{"href":"https:\/\/alleegalerii.ee\/en\/wp-json\/wp\/v2\/product\/7782","targetHints":{"allow":["GET"]}}],"collection":[{"href":"https:\/\/alleegalerii.ee\/en\/wp-json\/wp\/v2\/product"}],"about":[{"href":"https:\/\/alleegalerii.ee\/en\/wp-json\/wp\/v2\/types\/product"}],"wp:featuredmedia":[{"embeddable":true,"href":"https:\/\/alleegalerii.ee\/en\/wp-json\/wp\/v2\/media\/7783"}],"wp:attachment":[{"href":"https:\/\/alleegalerii.ee\/en\/wp-json\/wp\/v2\/media?parent=7782"}],"wp:term":[{"taxonomy":"product_brand","embeddable":true,"href":"https:\/\/alleegalerii.ee\/en\/wp-json\/wp\/v2\/product_brand?post=7782"},{"taxonomy":"product_cat","embeddable":true,"href":"https:\/\/alleegalerii.ee\/en\/wp-json\/wp\/v2\/product_cat?post=7782"},{"taxonomy":"product_tag","embeddable":true,"href":"https:\/\/alleegalerii.ee\/en\/wp-json\/wp\/v2\/product_tag?post=7782"}],"curies":[{"name":"wp","href":"https:\/\/api.w.org\/{rel}","templated":true}]}}