{"id":7774,"date":"2022-08-24T16:35:23","date_gmt":"2022-08-24T13:35:23","guid":{"rendered":"https:\/\/alleegalerii.ee\/?post_type=product&#038;p=7774"},"modified":"2023-11-14T22:07:15","modified_gmt":"2023-11-14T20:07:15","slug":"saabumas-e-poodi-alar-paaro-moulin-rouge","status":"publish","type":"product","link":"https:\/\/alleegalerii.ee\/en\/shop\/saabumas-e-poodi-alar-paaro-moulin-rouge\/","title":{"rendered":"Alar P\u00e4\u00e4ro \u201cMoulin Rouge\u201d"},"content":{"rendered":"","protected":false},"excerpt":{"rendered":"<p>\u00d5li l\u00f5uendil. Raamitud.<\/p>\n<p>M\u00f5\u00f5dud: 40,4 x 50,2 cm<\/p>\n<p>Alar P\u00e4\u00e4ro (s 1958) teoseid on eksponeeritud n\u00e4itustel nii Eestis kui Soomes. tundis tungi kunsti ja loomise suunas juba noore poisina, kui salaja koolitundidest otse J\u00f5hvi Laste Kunstikooli sisseastumiseksamitele l\u00e4ks. Kolm aastat \u00f5petajate Peeter Somelani ja Aleksander Igonini k\u00e4e all andsid talle p\u00f5hiteadmised nii maalist, joonistamisest kui skulptuurist. Nii seadiski P\u00e4\u00e4ro hiljem P\u00e4rnumaale kolides seal sisse v\u00e4ikese ateljee, et oma ideed ja teadmised l\u00f5uendile kanda. Kunstnik ise on \u00f6elnud, et teda v\u00f5luvad maalides eelk\u00f5ige kolm asja: suhted, vorm ja poosid.<\/p>\n","protected":false},"featured_media":7776,"template":"","meta":{"_acf_changed":false},"product_brand":[],"product_cat":[415,56,59],"product_tag":[60],"class_list":{"0":"post-7774","1":"product","2":"type-product","3":"status-publish","4":"has-post-thumbnail","6":"product_cat-maal","7":"product_cat-olimaal","8":"product_cat-e-pood","9":"product_tag-e-pood","11":"first","12":"outofstock","13":"sold-individually","14":"shipping-taxable","15":"product-type-simple"},"acf":[],"_links":{"self":[{"href":"https:\/\/alleegalerii.ee\/en\/wp-json\/wp\/v2\/product\/7774","targetHints":{"allow":["GET"]}}],"collection":[{"href":"https:\/\/alleegalerii.ee\/en\/wp-json\/wp\/v2\/product"}],"about":[{"href":"https:\/\/alleegalerii.ee\/en\/wp-json\/wp\/v2\/types\/product"}],"wp:featuredmedia":[{"embeddable":true,"href":"https:\/\/alleegalerii.ee\/en\/wp-json\/wp\/v2\/media\/7776"}],"wp:attachment":[{"href":"https:\/\/alleegalerii.ee\/en\/wp-json\/wp\/v2\/media?parent=7774"}],"wp:term":[{"taxonomy":"product_brand","embeddable":true,"href":"https:\/\/alleegalerii.ee\/en\/wp-json\/wp\/v2\/product_brand?post=7774"},{"taxonomy":"product_cat","embeddable":true,"href":"https:\/\/alleegalerii.ee\/en\/wp-json\/wp\/v2\/product_cat?post=7774"},{"taxonomy":"product_tag","embeddable":true,"href":"https:\/\/alleegalerii.ee\/en\/wp-json\/wp\/v2\/product_tag?post=7774"}],"curies":[{"name":"wp","href":"https:\/\/api.w.org\/{rel}","templated":true}]}}