{"id":7740,"date":"2022-08-08T23:08:43","date_gmt":"2022-08-08T20:08:43","guid":{"rendered":"https:\/\/alleegalerii.ee\/?post_type=product&#038;p=7740"},"modified":"2025-12-20T21:19:17","modified_gmt":"2025-12-20T19:19:17","slug":"valdur-ohakas-akt-rohelisel-vaibal-1960ndad","status":"publish","type":"product","link":"https:\/\/alleegalerii.ee\/en\/shop\/valdur-ohakas-akt-rohelisel-vaibal-1960ndad\/","title":{"rendered":"Valdur Ohakas &#8220;Akt rohelisel vaibal&#8221;, 1960ndad"},"content":{"rendered":"","protected":false},"excerpt":{"rendered":"<div class=\"wpb_wrapper is_stuck\">\n<div class=\"wpb_text_column wpb_content_element\">\n<div class=\"wpb_wrapper\">\n<p>M\u00dc\u00dcDUD.<\/p>\n<p>\u00d5li papil. Raamitud.<\/p>\n<p>M\u00f5\u00f5dud: 71,6 x 52,5 cm<\/p>\n<p>Valdur Ohaka (1925-1998) loominguline k\u00e4ekiri kujunes Eerik Haameri, Johannes Greenbergi, Elmar Kitse ja Johannes V\u00f5erahansu k\u00e4e all. Kunstnik m\u00e4ngis olulist rolli s\u00f5jaj\u00e4rgse eesti kunsti uuenemisprotsessis ja just 1960ndad ja 1970ndad olid tema loomingu k\u00f5rgperioodiks.<\/p>\n<p>\u201eAkt rohelisel vaibal\u201c kuulubki tema kunstiuuenduslikku tipp-perioodi, mil Ohakas tegeles aktiivselt vormi- ja v\u00e4rvikatsetustega. Tema \u00e4ratuntava trepiastmestikuga Meriv\u00e4lja majas valminud aktis n\u00e4eme korraga nii tugevaid kontuurjooni kui plastilist vormik\u00e4sitlust \u2013 kontrast, mis muutis Ohaka jaoks maalimise p\u00f5nevaks m\u00e4nguks. Looduslikke ookertoone on kunstnik t\u00e4iendanud punakate ja rohekate v\u00e4rvilaikudega, lisades sellega teosele d\u00fcnaamilisust ja s\u00fcgavust.<\/p>\n<p>Ohaka toonaseid uuenduslikke s\u00fcrrealistlikus, ekspressiivses laadis loomingut ilmestab h\u00e4sti ka k\u00e4esoleva teose tagak\u00fcljele maalitud kaks pead.<\/p>\n<\/div>\n<\/div>\n<\/div>\n","protected":false},"featured_media":7052,"template":"","meta":{"_acf_changed":false},"product_brand":[],"product_cat":[415,56,57,59,320],"product_tag":[60],"class_list":{"0":"post-7740","1":"product","2":"type-product","3":"status-publish","4":"has-post-thumbnail","6":"product_cat-maal","7":"product_cat-olimaal","8":"product_cat-muudud","9":"product_cat-e-pood","10":"product_cat-uncategorized-et","11":"product_tag-e-pood","13":"first","14":"outofstock","15":"sold-individually","16":"shipping-taxable","17":"purchasable","18":"product-type-simple"},"acf":[],"_links":{"self":[{"href":"https:\/\/alleegalerii.ee\/en\/wp-json\/wp\/v2\/product\/7740","targetHints":{"allow":["GET"]}}],"collection":[{"href":"https:\/\/alleegalerii.ee\/en\/wp-json\/wp\/v2\/product"}],"about":[{"href":"https:\/\/alleegalerii.ee\/en\/wp-json\/wp\/v2\/types\/product"}],"wp:featuredmedia":[{"embeddable":true,"href":"https:\/\/alleegalerii.ee\/en\/wp-json\/wp\/v2\/media\/7052"}],"wp:attachment":[{"href":"https:\/\/alleegalerii.ee\/en\/wp-json\/wp\/v2\/media?parent=7740"}],"wp:term":[{"taxonomy":"product_brand","embeddable":true,"href":"https:\/\/alleegalerii.ee\/en\/wp-json\/wp\/v2\/product_brand?post=7740"},{"taxonomy":"product_cat","embeddable":true,"href":"https:\/\/alleegalerii.ee\/en\/wp-json\/wp\/v2\/product_cat?post=7740"},{"taxonomy":"product_tag","embeddable":true,"href":"https:\/\/alleegalerii.ee\/en\/wp-json\/wp\/v2\/product_tag?post=7740"}],"curies":[{"name":"wp","href":"https:\/\/api.w.org\/{rel}","templated":true}]}}