{"id":7699,"date":"2022-06-08T18:43:49","date_gmt":"2022-06-08T15:43:49","guid":{"rendered":"https:\/\/alleegalerii.ee\/?post_type=product&#038;p=7699"},"modified":"2024-01-27T12:58:44","modified_gmt":"2024-01-27T10:58:44","slug":"peeter-allik-medusa-pea-2017","status":"publish","type":"product","link":"https:\/\/alleegalerii.ee\/en\/shop\/peeter-allik-medusa-pea-2017\/","title":{"rendered":"Peeter Allik &#8220;Medusa pea&#8221;, 2017"},"content":{"rendered":"","protected":false},"excerpt":{"rendered":"<div class=\"wpb_wrapper is_stuck\">\n<div class=\"wpb_text_column wpb_content_element\">\n<div class=\"wpb_wrapper\">\n<p>M\u00dc\u00dcDUD<\/p>\n<p>Linooll\u00f5ige. Raamitud.<\/p>\n<p>M\u00f5\u00f5dud: Plm 52 x 67 cm.<\/p>\n<p>Kursi koolkonna asutajaliikme Peeter Alliku (1966-2019) loomingu t\u00e4hendus ei kaota niipea oma aktuaalsust. Linooll\u00f5iget armastanud kunstniku maailm paelub omap\u00e4rase huumoriga, mille oluliseks komponendiks on mistahes n\u00e4htuste idealiseerimisele vastanduv illusioonideta iroonia. Nii kajastab Allik oma isikup\u00e4rase musta joonega m\u00e4ngides julgelt ja otse \u00fchiskonna ning poliitika kitsaskohti.<\/p>\n<p>Vanakreeka m\u00fctoloogiline tegelane Meduusa muutis oma v\u00f5luv\u00f5imega juuste abil k\u00f5ik need, kellele ta otsa vaatas, kiviks. Seet\u00f5ttu lisasid kreeklased naise pilte s\u00f5jakilpidele ning majade ja templite katuseviiludele, et kutsumata k\u00fclalisi eemale peletada. Taolist kaitsemaagiat v\u00f5ime atributeerida ka Alliku Meduusale, kelle ekspressiivne l\u00f5ikemaneer lisab teosele j\u00f5udu ja m\u00f5ju.<\/p>\n<\/div>\n<\/div>\n<\/div>\n","protected":false},"featured_media":5796,"template":"","meta":{"_acf_changed":false},"product_brand":[],"product_cat":[57,59],"product_tag":[60],"class_list":{"0":"post-7699","1":"product","2":"type-product","3":"status-publish","4":"has-post-thumbnail","6":"product_cat-muudud","7":"product_cat-e-pood","8":"product_tag-e-pood","10":"first","11":"outofstock","12":"sold-individually","13":"shipping-taxable","14":"purchasable","15":"product-type-simple"},"acf":[],"_links":{"self":[{"href":"https:\/\/alleegalerii.ee\/en\/wp-json\/wp\/v2\/product\/7699","targetHints":{"allow":["GET"]}}],"collection":[{"href":"https:\/\/alleegalerii.ee\/en\/wp-json\/wp\/v2\/product"}],"about":[{"href":"https:\/\/alleegalerii.ee\/en\/wp-json\/wp\/v2\/types\/product"}],"wp:featuredmedia":[{"embeddable":true,"href":"https:\/\/alleegalerii.ee\/en\/wp-json\/wp\/v2\/media\/5796"}],"wp:attachment":[{"href":"https:\/\/alleegalerii.ee\/en\/wp-json\/wp\/v2\/media?parent=7699"}],"wp:term":[{"taxonomy":"product_brand","embeddable":true,"href":"https:\/\/alleegalerii.ee\/en\/wp-json\/wp\/v2\/product_brand?post=7699"},{"taxonomy":"product_cat","embeddable":true,"href":"https:\/\/alleegalerii.ee\/en\/wp-json\/wp\/v2\/product_cat?post=7699"},{"taxonomy":"product_tag","embeddable":true,"href":"https:\/\/alleegalerii.ee\/en\/wp-json\/wp\/v2\/product_tag?post=7699"}],"curies":[{"name":"wp","href":"https:\/\/api.w.org\/{rel}","templated":true}]}}