{"id":7691,"date":"2022-06-07T08:10:15","date_gmt":"2022-06-07T05:10:15","guid":{"rendered":"https:\/\/alleegalerii.ee\/?post_type=product&#038;p=7691"},"modified":"2024-01-27T13:22:51","modified_gmt":"2024-01-27T11:22:51","slug":"karl-tael-maastik-jarvega-1942","status":"publish","type":"product","link":"https:\/\/alleegalerii.ee\/en\/shop\/karl-tael-maastik-jarvega-1942\/","title":{"rendered":"Karl Tael &#8220;Maastik j\u00e4rvega&#8221;, 1942"},"content":{"rendered":"","protected":false},"excerpt":{"rendered":"<p>M\u00dc\u00dcDUD<\/p>\n<p>\u00d5li, vineer. Raamitud.<\/p>\n<p>M\u00f5\u00f5dud: 40 x 60 cm.<\/p>\n<p>Karl Tael, varem ka Karl Doll (1894-1975) saavutas tuntuse Eesti Vabariigi rahat\u00e4htede kujundajana, samuti \u00e4rkamisaja kultuuritegelaste portretistina. Tema 1942. aasta \u00f5limaal v\u00f5lub oma maheda v\u00e4rvigamma ja Eestimaa suvehommiku meisterliku tabamise.<\/p>\n<p>Teosega saab tutvuda Vana-Viru 11a galeriis.<\/p>\n","protected":false},"featured_media":7692,"template":"","meta":{"_acf_changed":false},"product_brand":[],"product_cat":[415,56,57,59],"product_tag":[60],"class_list":{"0":"post-7691","1":"product","2":"type-product","3":"status-publish","4":"has-post-thumbnail","6":"product_cat-maal","7":"product_cat-olimaal","8":"product_cat-muudud","9":"product_cat-e-pood","10":"product_tag-e-pood","12":"first","13":"outofstock","14":"sold-individually","15":"shipping-taxable","16":"purchasable","17":"product-type-simple"},"acf":[],"_links":{"self":[{"href":"https:\/\/alleegalerii.ee\/en\/wp-json\/wp\/v2\/product\/7691","targetHints":{"allow":["GET"]}}],"collection":[{"href":"https:\/\/alleegalerii.ee\/en\/wp-json\/wp\/v2\/product"}],"about":[{"href":"https:\/\/alleegalerii.ee\/en\/wp-json\/wp\/v2\/types\/product"}],"wp:featuredmedia":[{"embeddable":true,"href":"https:\/\/alleegalerii.ee\/en\/wp-json\/wp\/v2\/media\/7692"}],"wp:attachment":[{"href":"https:\/\/alleegalerii.ee\/en\/wp-json\/wp\/v2\/media?parent=7691"}],"wp:term":[{"taxonomy":"product_brand","embeddable":true,"href":"https:\/\/alleegalerii.ee\/en\/wp-json\/wp\/v2\/product_brand?post=7691"},{"taxonomy":"product_cat","embeddable":true,"href":"https:\/\/alleegalerii.ee\/en\/wp-json\/wp\/v2\/product_cat?post=7691"},{"taxonomy":"product_tag","embeddable":true,"href":"https:\/\/alleegalerii.ee\/en\/wp-json\/wp\/v2\/product_tag?post=7691"}],"curies":[{"name":"wp","href":"https:\/\/api.w.org\/{rel}","templated":true}]}}