{"id":7681,"date":"2022-06-02T16:21:35","date_gmt":"2022-06-02T13:21:35","guid":{"rendered":"https:\/\/alleegalerii.ee\/?post_type=product&#038;p=7681"},"modified":"2023-11-14T22:07:32","modified_gmt":"2023-11-14T20:07:32","slug":"paul-burman-natuurmort-puuviljadega-1930ndad","status":"publish","type":"product","link":"https:\/\/alleegalerii.ee\/en\/shop\/paul-burman-natuurmort-puuviljadega-1930ndad\/","title":{"rendered":"Paul Burman &#8220;Nat\u00fc\u00fcrmort puuviljadega&#8221;, 1930ndad"},"content":{"rendered":"","protected":false},"excerpt":{"rendered":"<p>Akvarell. Raamitud.<\/p>\n<p>M\u00f5\u00f5dud: 23,5 x 30 cm, koos raamiga 45,7 x 51,2 cm.<\/p>\n<div class=\"wpb_wrapper is_stuck\">\n<div class=\"wpb_text_column wpb_content_element\">\n<div class=\"wpb_wrapper\">\n<p>Enne esimest maailmas\u00f5da Pariisis eesti kunstnike kogukonnas elanud ning seal Jaan Koorti, Aleksander Tassa ja Nikolai Triigiga l\u00e4hedalt suhelnud Paul Burman (1888-1934) maalis ja joonistas toona peamiselt looduspilte ja maastikuvaateid ning \u00fchtlasi kujunes temast eesti esimene animalist.\u00a0Hilisemas loomingus moodustasid olulise osa tema plokilehtedele maalitud akvarellid, kus kunstnik j\u00e4tkas maastike ja lilledega, nat\u00fc\u00fcrmortide puhul tihti \u00f5unte ja banaanidega. Harva verbaalselt suhtleva kunstniku jaoks t\u00e4hendas looming elu ja vabadust, see toetas tema eksistentsi ka Merimetsa haiglas ravil olles. Suuresti t\u00e4nu kunstis\u00f5brast raviarstile Leo von K\u00fcgelgenile ongi s\u00e4ilinud Burmani hilisem loomep\u00e4rand.<\/p>\n<p>K\u00e4esolevas teoses annab kunstnik meisterlikult ja puhta v\u00e4rviga edasi \u00f5unte vormi ja faktuuri. Nii v\u00f5ib neid v\u00f5rrelda Paul C\u00e9zanne\u2019i analoogiliste et\u00fc\u00fcdidega, mis Burmaniga v\u00f5rreldes on k\u00fcll tumedama koloriidiga, ent sarnase \u00fclesehitusega. Helge ja lakooniline visuaalse mulje edasikandmine m\u00f5jus moodsa ning vahetuna nii nende loomise hetkel kui n\u00fc\u00fcd, pea sada aastat hiljem.<\/p>\n<\/div>\n<\/div>\n<\/div>\n","protected":false},"featured_media":7317,"template":"","meta":{"_acf_changed":false},"product_brand":[],"product_cat":[415,54,59],"product_tag":[60],"class_list":{"0":"post-7681","1":"product","2":"type-product","3":"status-publish","4":"has-post-thumbnail","6":"product_cat-maal","7":"product_cat-akvarell","8":"product_cat-e-pood","9":"product_tag-e-pood","11":"first","12":"outofstock","13":"sold-individually","14":"shipping-taxable","15":"product-type-simple"},"acf":[],"_links":{"self":[{"href":"https:\/\/alleegalerii.ee\/en\/wp-json\/wp\/v2\/product\/7681","targetHints":{"allow":["GET"]}}],"collection":[{"href":"https:\/\/alleegalerii.ee\/en\/wp-json\/wp\/v2\/product"}],"about":[{"href":"https:\/\/alleegalerii.ee\/en\/wp-json\/wp\/v2\/types\/product"}],"wp:featuredmedia":[{"embeddable":true,"href":"https:\/\/alleegalerii.ee\/en\/wp-json\/wp\/v2\/media\/7317"}],"wp:attachment":[{"href":"https:\/\/alleegalerii.ee\/en\/wp-json\/wp\/v2\/media?parent=7681"}],"wp:term":[{"taxonomy":"product_brand","embeddable":true,"href":"https:\/\/alleegalerii.ee\/en\/wp-json\/wp\/v2\/product_brand?post=7681"},{"taxonomy":"product_cat","embeddable":true,"href":"https:\/\/alleegalerii.ee\/en\/wp-json\/wp\/v2\/product_cat?post=7681"},{"taxonomy":"product_tag","embeddable":true,"href":"https:\/\/alleegalerii.ee\/en\/wp-json\/wp\/v2\/product_tag?post=7681"}],"curies":[{"name":"wp","href":"https:\/\/api.w.org\/{rel}","templated":true}]}}