{"id":7669,"date":"2022-05-14T19:38:39","date_gmt":"2022-05-14T16:38:39","guid":{"rendered":"https:\/\/alleegalerii.ee\/?post_type=product&#038;p=7669"},"modified":"2023-11-14T22:07:18","modified_gmt":"2023-11-14T20:07:18","slug":"paul-kostabi-its-whatever-2019","status":"publish","type":"product","link":"https:\/\/alleegalerii.ee\/en\/shop\/paul-kostabi-its-whatever-2019\/","title":{"rendered":"Paul Kostabi &#8220;It\u00b4s whatever&#8221;, 2019"},"content":{"rendered":"","protected":false},"excerpt":{"rendered":"<p>Segatehnika l\u00f5uendil.<\/p>\n<p>M\u00f5\u00f5dud: 99 x 79 cm.<\/p>\n<p>Eesti p\u00e4ritolu, kuid USAs \u00fcles kasvanud kunstnik ja muusik Paul Kostabi (s. 1962) nimetab oma kunstistiili punk-ekspressionistlikuks. Oma t\u00f6\u00f6des otsib ta alati uusi l\u00e4henemisi, v\u00f5i vanu ideid, millele lisada midagi uut. Tema lemmikute hulka kuuluvad Andy Warhol, Picasso, Kooning ning Basquiat.<\/p>\n","protected":false},"featured_media":7670,"template":"","meta":{"_acf_changed":false},"product_brand":[],"product_cat":[415,56,59],"product_tag":[60],"class_list":{"0":"post-7669","1":"product","2":"type-product","3":"status-publish","4":"has-post-thumbnail","6":"product_cat-maal","7":"product_cat-olimaal","8":"product_cat-e-pood","9":"product_tag-e-pood","11":"first","12":"instock","13":"sold-individually","14":"shipping-taxable","15":"purchasable","16":"product-type-simple"},"acf":[],"_links":{"self":[{"href":"https:\/\/alleegalerii.ee\/en\/wp-json\/wp\/v2\/product\/7669","targetHints":{"allow":["GET"]}}],"collection":[{"href":"https:\/\/alleegalerii.ee\/en\/wp-json\/wp\/v2\/product"}],"about":[{"href":"https:\/\/alleegalerii.ee\/en\/wp-json\/wp\/v2\/types\/product"}],"wp:featuredmedia":[{"embeddable":true,"href":"https:\/\/alleegalerii.ee\/en\/wp-json\/wp\/v2\/media\/7670"}],"wp:attachment":[{"href":"https:\/\/alleegalerii.ee\/en\/wp-json\/wp\/v2\/media?parent=7669"}],"wp:term":[{"taxonomy":"product_brand","embeddable":true,"href":"https:\/\/alleegalerii.ee\/en\/wp-json\/wp\/v2\/product_brand?post=7669"},{"taxonomy":"product_cat","embeddable":true,"href":"https:\/\/alleegalerii.ee\/en\/wp-json\/wp\/v2\/product_cat?post=7669"},{"taxonomy":"product_tag","embeddable":true,"href":"https:\/\/alleegalerii.ee\/en\/wp-json\/wp\/v2\/product_tag?post=7669"}],"curies":[{"name":"wp","href":"https:\/\/api.w.org\/{rel}","templated":true}]}}