{"id":7518,"date":"2022-04-27T16:28:08","date_gmt":"2022-04-27T13:28:08","guid":{"rendered":"https:\/\/alleegalerii.ee\/?post_type=product&#038;p=7518"},"modified":"2023-11-14T22:07:29","modified_gmt":"2023-11-14T20:07:29","slug":"44-jaan-tuuling-tornide-valjak-1968","status":"publish","type":"product","link":"https:\/\/alleegalerii.ee\/en\/shop\/44-jaan-tuuling-tornide-valjak-1968\/","title":{"rendered":"44. JAAN TUULING &#8220;Tornide v\u00e4ljak&#8221;, 1968"},"content":{"rendered":"","protected":false},"excerpt":{"rendered":"<div class=\"wpb_wrapper is_stuck\">\n<div class=\"wpb_text_column wpb_content_element\">\n<div class=\"wpb_wrapper\">\n<p>\u00d5li papil. 51 x 56 cm<\/p>\n<p>Petseris s\u00fcndinud Jaan Tuulingu (1930-1998) \u00fcks lemmikteemasid maastike k\u00f5rval olid linnavaated. Nii n\u00e4iteks oli tal traditsioon maalida iga aasta 1. jaanuaril \u00fchte ja sama paika Tallinnas, m\u00e4rkamaks muutusi nii linnapildis kui iseenda maalilaadis.<\/p>\n<p>Tuulingu looming on kirjeldav ja loodusl\u00e4hedane. Ta oskas austada ja hinnata looduse poolt loodut ning ei keeranud kunagi meelega vinti \u00fcle. Kohalolekut on tunda ka tema \u201eTornide v\u00e4ljakus\u201c, mis kujutab oma romantiliste tornikiivrite ja lopsakate puuv\u00f5radega kunstnike \u00fcheks lemmikpaigaks kujunenud parki Tallinna kiviste m\u00fc\u00fcride k\u00f5rval. Siin oli l\u00f5putult nurki, mida kujutamiseks valida ning alati p\u00f5nevaid inimesi, kelle tegevusest inspiratsiooni leida. Ka k\u00e4esolevale teosele on Tuuling d\u00fcnaamikat ja p\u00f5nevust lisanud vanalinna vaadet nautivate daamide seltskonna n\u00e4ol.<\/p>\n<\/div>\n<\/div>\n<\/div>\n","protected":false},"featured_media":6756,"template":"","meta":{"_acf_changed":false},"product_brand":[],"product_cat":[85],"product_tag":[],"class_list":{"0":"post-7518","1":"product","2":"type-product","3":"status-publish","4":"has-post-thumbnail","6":"product_cat-kevadoksjon-2022","7":"auction-is-closed","8":"current-user-is-not-highest-bidder","10":"first","11":"instock","12":"shipping-taxable","13":"purchasable","14":"product-type-auction"},"acf":[],"_links":{"self":[{"href":"https:\/\/alleegalerii.ee\/en\/wp-json\/wp\/v2\/product\/7518","targetHints":{"allow":["GET"]}}],"collection":[{"href":"https:\/\/alleegalerii.ee\/en\/wp-json\/wp\/v2\/product"}],"about":[{"href":"https:\/\/alleegalerii.ee\/en\/wp-json\/wp\/v2\/types\/product"}],"wp:featuredmedia":[{"embeddable":true,"href":"https:\/\/alleegalerii.ee\/en\/wp-json\/wp\/v2\/media\/6756"}],"wp:attachment":[{"href":"https:\/\/alleegalerii.ee\/en\/wp-json\/wp\/v2\/media?parent=7518"}],"wp:term":[{"taxonomy":"product_brand","embeddable":true,"href":"https:\/\/alleegalerii.ee\/en\/wp-json\/wp\/v2\/product_brand?post=7518"},{"taxonomy":"product_cat","embeddable":true,"href":"https:\/\/alleegalerii.ee\/en\/wp-json\/wp\/v2\/product_cat?post=7518"},{"taxonomy":"product_tag","embeddable":true,"href":"https:\/\/alleegalerii.ee\/en\/wp-json\/wp\/v2\/product_tag?post=7518"}],"curies":[{"name":"wp","href":"https:\/\/api.w.org\/{rel}","templated":true}]}}