{"id":7507,"date":"2022-04-26T20:43:10","date_gmt":"2022-04-26T17:43:10","guid":{"rendered":"https:\/\/alleegalerii.ee\/?post_type=product&#038;p=7507"},"modified":"2023-11-14T22:07:29","modified_gmt":"2023-11-14T20:07:29","slug":"33-varmo-pirk-lounatund-1963","status":"publish","type":"product","link":"https:\/\/alleegalerii.ee\/en\/shop\/33-varmo-pirk-lounatund-1963\/","title":{"rendered":"33. VARMO PIRK &#8220;L\u00f5unatund&#8221;, 1963"},"content":{"rendered":"","protected":false},"excerpt":{"rendered":"<div class=\"wpb_wrapper is_stuck\">\n<div class=\"wpb_text_column wpb_content_element\">\n<div class=\"wpb_wrapper\">\n<p>\u00d5li l\u00f5uendil. 85 x 75 cm<\/p>\n<p>Varmo Pirgi kujundikeelde ilmusid geometriseeritud vormid 1960. aastail, mil see populaarsust koguv kunstitrend toitis tema armastust figuraalkompositsioonide ja portreede vastu. R\u00f5hutatult kandilised kujundid, kontrastsed piirjooned, detailideni l\u00e4bim\u00f5eldud teostus ning k\u00fcps v\u00e4rvigamma iseloomustas h\u00e4sti Pirgi tollast k\u00e4ekirja.<\/p>\n<p>K\u00e4seolevas teoses on kunstnikku inspireerinud palaval augustikuu p\u00e4eval v\u00e4lja teenitud l\u00f5unatundi nautivad kolm tegelast. Taamal paistva kombaini ning kuldkollase p\u00f5llu j\u00e4rgi v\u00f5ime aimata, et k\u00e4sil on hilissuvine viljal\u00f5ikus. Pirk on suve l\u00f5ppu lisaks k\u00fcpsetele toonidele r\u00f5hutanud ka meeste p\u00e4ikese k\u00e4es parkunud naha ning f\u00fc\u00fcsilisest t\u00f6\u00f6st tugevaks trimmitud lihaste esiletoomisega. Igal figuuril on oma isiklik ruum, mis omavahel resoneerudes moodustavad t\u00e4iusliku terviku, kuid t\u00f6\u00f6tavad ka individuaalselt. 60-ndate h\u00f5ngu lisavad veelgi \u00fcmarate vormidega n\u00f5ud ning koonusekujuliseks stiliseeritud puud.<\/p>\n<\/div>\n<\/div>\n<\/div>\n","protected":false},"featured_media":7219,"template":"","meta":{"_acf_changed":false},"product_brand":[],"product_cat":[85],"product_tag":[],"class_list":{"0":"post-7507","1":"product","2":"type-product","3":"status-publish","4":"has-post-thumbnail","6":"product_cat-kevadoksjon-2022","7":"auction-is-closed","8":"current-user-is-not-highest-bidder","10":"first","11":"instock","12":"shipping-taxable","13":"purchasable","14":"product-type-auction"},"acf":[],"_links":{"self":[{"href":"https:\/\/alleegalerii.ee\/en\/wp-json\/wp\/v2\/product\/7507","targetHints":{"allow":["GET"]}}],"collection":[{"href":"https:\/\/alleegalerii.ee\/en\/wp-json\/wp\/v2\/product"}],"about":[{"href":"https:\/\/alleegalerii.ee\/en\/wp-json\/wp\/v2\/types\/product"}],"wp:featuredmedia":[{"embeddable":true,"href":"https:\/\/alleegalerii.ee\/en\/wp-json\/wp\/v2\/media\/7219"}],"wp:attachment":[{"href":"https:\/\/alleegalerii.ee\/en\/wp-json\/wp\/v2\/media?parent=7507"}],"wp:term":[{"taxonomy":"product_brand","embeddable":true,"href":"https:\/\/alleegalerii.ee\/en\/wp-json\/wp\/v2\/product_brand?post=7507"},{"taxonomy":"product_cat","embeddable":true,"href":"https:\/\/alleegalerii.ee\/en\/wp-json\/wp\/v2\/product_cat?post=7507"},{"taxonomy":"product_tag","embeddable":true,"href":"https:\/\/alleegalerii.ee\/en\/wp-json\/wp\/v2\/product_tag?post=7507"}],"curies":[{"name":"wp","href":"https:\/\/api.w.org\/{rel}","templated":true}]}}