{"id":6188,"date":"2022-03-23T12:51:12","date_gmt":"2022-03-23T10:51:12","guid":{"rendered":"https:\/\/alleegalerii.ee\/?post_type=product&#038;p=6188"},"modified":"2024-01-27T13:25:26","modified_gmt":"2024-01-27T11:25:26","slug":"mart-bormeister-astrid-1963","status":"publish","type":"product","link":"https:\/\/alleegalerii.ee\/en\/shop\/mart-bormeister-astrid-1963\/","title":{"rendered":"M\u00e4rt Bormeister &#8220;Astrid&#8221;, 1963"},"content":{"rendered":"","protected":false},"excerpt":{"rendered":"<p>M\u00dc\u00dcDUD<\/p>\n<p>Monot\u00fc\u00fcpia. Raamitud.<\/p>\n<p>M\u00f5\u00f5dud: Plm 51 x 40 cm, koos raamiga 71 x 58 cm.<\/p>\n<p>Pikki aastak\u00fcmneid ERKI \u00f5ppej\u00f5una t\u00f6\u00f6tanud M\u00e4rt Bormeister (1916-1991) oli esimene, kes hakkas oma \u00f5pilastele s\u00fcstemaatiliselt v\u00e4rvus\u00f5petust \u00f5petama. Olulisel kohal tema loomingus olid linnavaated ning lillemaalid. S\u00fcdamlik nat\u00fc\u00fcrmort s\u00fcgis\u00f5ite astritega esindab h\u00e4sti tema loomingulisi p\u00fc\u00fcdlusi.<\/p>\n","protected":false},"featured_media":6191,"template":"","meta":{"_acf_changed":false},"product_brand":[],"product_cat":[61,57,59],"product_tag":[60],"class_list":{"0":"post-6188","1":"product","2":"type-product","3":"status-publish","4":"has-post-thumbnail","6":"product_cat-graafika","7":"product_cat-muudud","8":"product_cat-e-pood","9":"product_tag-e-pood","11":"first","12":"outofstock","13":"sold-individually","14":"shipping-taxable","15":"product-type-simple"},"acf":[],"_links":{"self":[{"href":"https:\/\/alleegalerii.ee\/en\/wp-json\/wp\/v2\/product\/6188","targetHints":{"allow":["GET"]}}],"collection":[{"href":"https:\/\/alleegalerii.ee\/en\/wp-json\/wp\/v2\/product"}],"about":[{"href":"https:\/\/alleegalerii.ee\/en\/wp-json\/wp\/v2\/types\/product"}],"wp:featuredmedia":[{"embeddable":true,"href":"https:\/\/alleegalerii.ee\/en\/wp-json\/wp\/v2\/media\/6191"}],"wp:attachment":[{"href":"https:\/\/alleegalerii.ee\/en\/wp-json\/wp\/v2\/media?parent=6188"}],"wp:term":[{"taxonomy":"product_brand","embeddable":true,"href":"https:\/\/alleegalerii.ee\/en\/wp-json\/wp\/v2\/product_brand?post=6188"},{"taxonomy":"product_cat","embeddable":true,"href":"https:\/\/alleegalerii.ee\/en\/wp-json\/wp\/v2\/product_cat?post=6188"},{"taxonomy":"product_tag","embeddable":true,"href":"https:\/\/alleegalerii.ee\/en\/wp-json\/wp\/v2\/product_tag?post=6188"}],"curies":[{"name":"wp","href":"https:\/\/api.w.org\/{rel}","templated":true}]}}