{"id":5523,"date":"2022-02-28T20:24:16","date_gmt":"2022-02-28T18:24:16","guid":{"rendered":"https:\/\/alleegalerii.ee\/?post_type=product&#038;p=5523"},"modified":"2023-11-14T22:07:23","modified_gmt":"2023-11-14T20:07:23","slug":"ado-lill","status":"publish","type":"product","link":"https:\/\/alleegalerii.ee\/en\/shop\/ado-lill\/","title":{"rendered":"Ado Lill &#8220;\u00dcks on kindel&#8221;, 1988"},"content":{"rendered":"","protected":false},"excerpt":{"rendered":"<div class=\"wpb_wrapper is_stuck\">\n<div class=\"wpb_text_column wpb_content_element\">\n<div class=\"wpb_wrapper\">\n<div>\n<p>Ofort, akvatinta. Raamitud, UV-kaitsega muuseumiklaas.<\/p>\n<p>M\u00f5\u00f5dud: 16,5 x 21 cm, koos raamiga 43 x 46 cm.<\/p>\n<p>R\u00e4pinast p\u00e4rit Ado Lill (1932-2018) tegutses nii graafika kui maalikunsti alal. Tema hilisema, allegoorilis-groteskse v\u00f5i erootilise graafika keskmes oli mitmet\u00e4henduslik naisakt. N\u00f5ukogude Eestis keelatud erootilisele kunstile ostjaskonna leidmiseks tuli kunstnikul seet\u00f5ttu oma teoseid salaja piiri taha toimetada, kus neid v\u00e4ga oodati.<\/p>\n<\/div>\n<div>\n<div><\/div>\n<\/div>\n<\/div>\n<\/div>\n<\/div>\n","protected":false},"featured_media":5524,"template":"","meta":{"_acf_changed":false},"product_brand":[],"product_cat":[61,59],"product_tag":[60],"class_list":{"0":"post-5523","1":"product","2":"type-product","3":"status-publish","4":"has-post-thumbnail","6":"product_cat-graafika","7":"product_cat-e-pood","8":"product_tag-e-pood","10":"first","11":"outofstock","12":"sold-individually","13":"shipping-taxable","14":"product-type-simple"},"acf":[],"_links":{"self":[{"href":"https:\/\/alleegalerii.ee\/en\/wp-json\/wp\/v2\/product\/5523","targetHints":{"allow":["GET"]}}],"collection":[{"href":"https:\/\/alleegalerii.ee\/en\/wp-json\/wp\/v2\/product"}],"about":[{"href":"https:\/\/alleegalerii.ee\/en\/wp-json\/wp\/v2\/types\/product"}],"wp:featuredmedia":[{"embeddable":true,"href":"https:\/\/alleegalerii.ee\/en\/wp-json\/wp\/v2\/media\/5524"}],"wp:attachment":[{"href":"https:\/\/alleegalerii.ee\/en\/wp-json\/wp\/v2\/media?parent=5523"}],"wp:term":[{"taxonomy":"product_brand","embeddable":true,"href":"https:\/\/alleegalerii.ee\/en\/wp-json\/wp\/v2\/product_brand?post=5523"},{"taxonomy":"product_cat","embeddable":true,"href":"https:\/\/alleegalerii.ee\/en\/wp-json\/wp\/v2\/product_cat?post=5523"},{"taxonomy":"product_tag","embeddable":true,"href":"https:\/\/alleegalerii.ee\/en\/wp-json\/wp\/v2\/product_tag?post=5523"}],"curies":[{"name":"wp","href":"https:\/\/api.w.org\/{rel}","templated":true}]}}