{"id":5481,"date":"2022-02-08T18:50:21","date_gmt":"2022-02-08T16:50:21","guid":{"rendered":"https:\/\/alleegalerii.ee\/?post_type=product&#038;p=5481"},"modified":"2024-01-27T13:25:39","modified_gmt":"2024-01-27T11:25:39","slug":"juri-palm-naine-ja-mees-1960-ndad","status":"publish","type":"product","link":"https:\/\/alleegalerii.ee\/en\/shop\/juri-palm-naine-ja-mees-1960-ndad\/","title":{"rendered":"J\u00fcri Palm &#8220;Naine ja mees&#8221;, 1960-ndad"},"content":{"rendered":"","protected":false},"excerpt":{"rendered":"<div class=\"wpb_wrapper is_stuck\">\n<div class=\"wpb_text_column wpb_content_element\">\n<div class=\"wpb_wrapper\">\n<p>M\u00dc\u00dcDUD<\/p>\n<p>\u00d5li, tu\u0161\u0161, raamitud.<\/p>\n<p>M\u00f5\u00f5dud: 46,5 x 38 cm.<\/p>\n<p>J\u00fcri Palm (1937 \u2013 2002) l\u00f5petas ERKI graafikuna ning paistis esialgu silma oma tugevate linooll\u00f5igete ja litodega, m\u00f5nev\u00f5rra hiljem alustas ta ka maalidega. Oma viiuldajast isa k\u00f5rval t\u00e4pse noodi ning muusikalise kompositsiooni olulisust \u00f5ppinuna k\u00f5lab ka Palmi enda teosteis teatav muusika, mis kord ps\u00fchhodeelsem, kord l\u00fc\u00fcrilisem.<\/p>\n<p>Erootilisel teemal\u00a0 on tema loomingus kindel koht, ent ta ei k\u00e4sitlenud seda reeglina triviaalselt ja nii v\u00f5ib see s\u00fcmboleiks \u00fcldistatud kujundeis esmapilgul tihti m\u00e4rkamatukski j\u00e4\u00e4da, nagu antud teoses \u201cNaine ja mees\u201d. Kuigi mehele on antud f\u00fc\u00fcsiliselt kogukam ruumipind kanda, omastab Palm v\u00f5rdse j\u00f5u m\u00f5lemale armastajale.<\/p>\n<\/div>\n<\/div>\n<\/div>\n","protected":false},"featured_media":4395,"template":"","meta":{"_acf_changed":false},"product_brand":[],"product_cat":[415,56,57,59],"product_tag":[60],"class_list":{"0":"post-5481","1":"product","2":"type-product","3":"status-publish","4":"has-post-thumbnail","6":"product_cat-maal","7":"product_cat-olimaal","8":"product_cat-muudud","9":"product_cat-e-pood","10":"product_tag-e-pood","12":"first","13":"outofstock","14":"sold-individually","15":"shipping-taxable","16":"product-type-simple"},"acf":[],"_links":{"self":[{"href":"https:\/\/alleegalerii.ee\/en\/wp-json\/wp\/v2\/product\/5481","targetHints":{"allow":["GET"]}}],"collection":[{"href":"https:\/\/alleegalerii.ee\/en\/wp-json\/wp\/v2\/product"}],"about":[{"href":"https:\/\/alleegalerii.ee\/en\/wp-json\/wp\/v2\/types\/product"}],"wp:featuredmedia":[{"embeddable":true,"href":"https:\/\/alleegalerii.ee\/en\/wp-json\/wp\/v2\/media\/4395"}],"wp:attachment":[{"href":"https:\/\/alleegalerii.ee\/en\/wp-json\/wp\/v2\/media?parent=5481"}],"wp:term":[{"taxonomy":"product_brand","embeddable":true,"href":"https:\/\/alleegalerii.ee\/en\/wp-json\/wp\/v2\/product_brand?post=5481"},{"taxonomy":"product_cat","embeddable":true,"href":"https:\/\/alleegalerii.ee\/en\/wp-json\/wp\/v2\/product_cat?post=5481"},{"taxonomy":"product_tag","embeddable":true,"href":"https:\/\/alleegalerii.ee\/en\/wp-json\/wp\/v2\/product_tag?post=5481"}],"curies":[{"name":"wp","href":"https:\/\/api.w.org\/{rel}","templated":true}]}}