{"id":5430,"date":"2022-01-21T15:34:40","date_gmt":"2022-01-21T13:34:40","guid":{"rendered":"https:\/\/alleegalerii.ee\/?post_type=product&#038;p=5430"},"modified":"2024-04-19T22:54:00","modified_gmt":"2024-04-19T19:54:00","slug":"kalev-mark-kostabi-comfort-zone-2020","status":"publish","type":"product","link":"https:\/\/alleegalerii.ee\/en\/shop\/kalev-mark-kostabi-comfort-zone-2020\/","title":{"rendered":"Kalev Mark Kostabi &#8220;Comfort zone&#8221;, 2020"},"content":{"rendered":"","protected":false},"excerpt":{"rendered":"<p>Serigraafia. Raamitud.<\/p>\n<p>M\u00f5\u00f5dud: lm 31 x 33 cm, koos raamiga 47,3 x 45 cm.<\/p>\n<div class=\"wpb_wrapper is_stuck\">\n<div class=\"wpb_text_column wpb_content_element\">\n<div class=\"wpb_wrapper\">\n<p>Ameerika \u00fchendriikides, kuid eesti kodus s\u00fcndinud Kostabi tunneb l\u00e4bil\u00f5hki sealset elulaadi ja kultuuri, ent kunstniku\u00a0<em>homunculus<\/em>te maailm peegeldab\u00a0 kaasaegset reaalsust laiemaltki. Sealses \u00fclikoolis joonistamist ja maalimist \u00f5ppinud kunstnikust kujunes 1980. aastail \u00fcks kohaliku kunsti juhtfiguure kuulsas East Village\u00b4is. Peagi m\u00e4rkasid tema publikut k\u00f5netavat kunsti ka erinevad plaadifirmad. Nii n\u00e4iteks on ta lisaks teistele kuulsatele artistidele kujundanud Guns N\u00b4Roses\u00b4e plaadi\u00fcmbrise, kes tema teose pealkirja \u201cUse your illusion\u201d ka kogu plaadi pealkirjaks panid.<\/p>\n<p>&nbsp;<\/p>\n<\/div>\n<\/div>\n<\/div>\n","protected":false},"featured_media":5431,"template":"","meta":{"_acf_changed":false},"product_brand":[],"product_cat":[61,57,59],"product_tag":[60],"class_list":{"0":"post-5430","1":"product","2":"type-product","3":"status-publish","4":"has-post-thumbnail","6":"product_cat-graafika","7":"product_cat-muudud","8":"product_cat-e-pood","9":"product_tag-e-pood","11":"first","12":"outofstock","13":"sold-individually","14":"shipping-taxable","15":"product-type-simple"},"acf":[],"_links":{"self":[{"href":"https:\/\/alleegalerii.ee\/en\/wp-json\/wp\/v2\/product\/5430","targetHints":{"allow":["GET"]}}],"collection":[{"href":"https:\/\/alleegalerii.ee\/en\/wp-json\/wp\/v2\/product"}],"about":[{"href":"https:\/\/alleegalerii.ee\/en\/wp-json\/wp\/v2\/types\/product"}],"wp:featuredmedia":[{"embeddable":true,"href":"https:\/\/alleegalerii.ee\/en\/wp-json\/wp\/v2\/media\/5431"}],"wp:attachment":[{"href":"https:\/\/alleegalerii.ee\/en\/wp-json\/wp\/v2\/media?parent=5430"}],"wp:term":[{"taxonomy":"product_brand","embeddable":true,"href":"https:\/\/alleegalerii.ee\/en\/wp-json\/wp\/v2\/product_brand?post=5430"},{"taxonomy":"product_cat","embeddable":true,"href":"https:\/\/alleegalerii.ee\/en\/wp-json\/wp\/v2\/product_cat?post=5430"},{"taxonomy":"product_tag","embeddable":true,"href":"https:\/\/alleegalerii.ee\/en\/wp-json\/wp\/v2\/product_tag?post=5430"}],"curies":[{"name":"wp","href":"https:\/\/api.w.org\/{rel}","templated":true}]}}