{"id":5424,"date":"2022-01-21T13:43:10","date_gmt":"2022-01-21T11:43:10","guid":{"rendered":"https:\/\/alleegalerii.ee\/?post_type=product&#038;p=5424"},"modified":"2023-11-14T22:07:18","modified_gmt":"2023-11-14T20:07:18","slug":"erich-pehap-torm-1963","status":"publish","type":"product","link":"https:\/\/alleegalerii.ee\/en\/shop\/erich-pehap-torm-1963\/","title":{"rendered":"Erich Pehap &#8220;Loodusj\u00f5ud&#8221;, 1963"},"content":{"rendered":"","protected":false},"excerpt":{"rendered":"<div class=\"summary-inner is_stuck\">\n<div class=\"woocommerce-product-details__short-description\">\n<p>N. D. M ehk new direct method.\u00a0 2\/12. Raamitud, muuseumiklaas.<\/p>\n<p>M\u00f5\u00f5dud: 47 x 32,5 cm, koos raamiga 72 x 56 cm.<\/p>\n<p>Viljandist p\u00e4rit Erich Pehap (1912-1981) \u00f5ppis Pallases maalikunsti, Riigi Kunstit\u00f6\u00f6stuskoolis keraamikat ja tarbegraafikat, ning 1939 l\u00f5petas Pallase graafikuna. 1949 siirdus kunstnik Kanadasse Torontosse, kus lisas enda portfooliosse veel \u00fche kunstiliigi l\u00f5petades Montreali Mehaanilise Joonestamise Instituudi kujunduskunsti erialal. Kanadas osales Pehap aktiivselt kohalikus kunstielus, tal oli 19 isikun\u00e4itust ning lisaks osales ta lugematutel \u00fchisn\u00e4itustel. Just seal t\u00f6\u00f6tas kunstnik graafikas v\u00e4lja oma autoritehnika <em>new direct method<\/em>, mida esindab ka k\u00e4esolev teos.<\/p>\n<\/div>\n<\/div>\n","protected":false},"featured_media":5425,"template":"","meta":{"_acf_changed":false},"product_brand":[],"product_cat":[61,59],"product_tag":[60],"class_list":{"0":"post-5424","1":"product","2":"type-product","3":"status-publish","4":"has-post-thumbnail","6":"product_cat-graafika","7":"product_cat-e-pood","8":"product_tag-e-pood","10":"first","11":"outofstock","12":"shipping-taxable","13":"purchasable","14":"product-type-simple"},"acf":[],"_links":{"self":[{"href":"https:\/\/alleegalerii.ee\/en\/wp-json\/wp\/v2\/product\/5424","targetHints":{"allow":["GET"]}}],"collection":[{"href":"https:\/\/alleegalerii.ee\/en\/wp-json\/wp\/v2\/product"}],"about":[{"href":"https:\/\/alleegalerii.ee\/en\/wp-json\/wp\/v2\/types\/product"}],"wp:featuredmedia":[{"embeddable":true,"href":"https:\/\/alleegalerii.ee\/en\/wp-json\/wp\/v2\/media\/5425"}],"wp:attachment":[{"href":"https:\/\/alleegalerii.ee\/en\/wp-json\/wp\/v2\/media?parent=5424"}],"wp:term":[{"taxonomy":"product_brand","embeddable":true,"href":"https:\/\/alleegalerii.ee\/en\/wp-json\/wp\/v2\/product_brand?post=5424"},{"taxonomy":"product_cat","embeddable":true,"href":"https:\/\/alleegalerii.ee\/en\/wp-json\/wp\/v2\/product_cat?post=5424"},{"taxonomy":"product_tag","embeddable":true,"href":"https:\/\/alleegalerii.ee\/en\/wp-json\/wp\/v2\/product_tag?post=5424"}],"curies":[{"name":"wp","href":"https:\/\/api.w.org\/{rel}","templated":true}]}}