{"id":5412,"date":"2022-01-17T15:14:42","date_gmt":"2022-01-17T13:14:42","guid":{"rendered":"https:\/\/alleegalerii.ee\/?post_type=product&#038;p=5412"},"modified":"2024-01-27T13:27:36","modified_gmt":"2024-01-27T11:27:36","slug":"tiina-tammetalu-reisikirjad-maastik-kosega-niagara-i-2001","status":"publish","type":"product","link":"https:\/\/alleegalerii.ee\/en\/shop\/tiina-tammetalu-reisikirjad-maastik-kosega-niagara-i-2001\/","title":{"rendered":"Tiina Tammetalu &#8220;Reisikirjad. Maastik kosega. Niagara II&#8221;, 2001"},"content":{"rendered":"","protected":false},"excerpt":{"rendered":"<p>M\u00dc\u00dcDUD<\/p>\n<p>\u00d5li, akr\u00fc\u00fcl l\u00f5uendil.<\/p>\n<p>M\u00f5\u00f5dud: 14 x 18 cm.<\/p>\n<p>Tiina Tammetalu on aktiivselt kunstielust ja n\u00e4itustest osa v\u00f5tnud juba mituk\u00fcmmend aastat ning tema t\u00f6id on eksponeeritud nii Eestis kui v\u00e4lismaal.<\/p>\n","protected":false},"featured_media":5414,"template":"","meta":{"_acf_changed":false},"product_brand":[],"product_cat":[415,56,57,59],"product_tag":[60],"class_list":{"0":"post-5412","1":"product","2":"type-product","3":"status-publish","4":"has-post-thumbnail","6":"product_cat-maal","7":"product_cat-olimaal","8":"product_cat-muudud","9":"product_cat-e-pood","10":"product_tag-e-pood","12":"first","13":"outofstock","14":"sold-individually","15":"shipping-taxable","16":"product-type-simple"},"acf":[],"_links":{"self":[{"href":"https:\/\/alleegalerii.ee\/en\/wp-json\/wp\/v2\/product\/5412","targetHints":{"allow":["GET"]}}],"collection":[{"href":"https:\/\/alleegalerii.ee\/en\/wp-json\/wp\/v2\/product"}],"about":[{"href":"https:\/\/alleegalerii.ee\/en\/wp-json\/wp\/v2\/types\/product"}],"wp:featuredmedia":[{"embeddable":true,"href":"https:\/\/alleegalerii.ee\/en\/wp-json\/wp\/v2\/media\/5414"}],"wp:attachment":[{"href":"https:\/\/alleegalerii.ee\/en\/wp-json\/wp\/v2\/media?parent=5412"}],"wp:term":[{"taxonomy":"product_brand","embeddable":true,"href":"https:\/\/alleegalerii.ee\/en\/wp-json\/wp\/v2\/product_brand?post=5412"},{"taxonomy":"product_cat","embeddable":true,"href":"https:\/\/alleegalerii.ee\/en\/wp-json\/wp\/v2\/product_cat?post=5412"},{"taxonomy":"product_tag","embeddable":true,"href":"https:\/\/alleegalerii.ee\/en\/wp-json\/wp\/v2\/product_tag?post=5412"}],"curies":[{"name":"wp","href":"https:\/\/api.w.org\/{rel}","templated":true}]}}