{"id":5398,"date":"2022-01-12T15:34:17","date_gmt":"2022-01-12T13:34:17","guid":{"rendered":"https:\/\/alleegalerii.ee\/?post_type=product&#038;p=5398"},"modified":"2023-11-14T22:07:21","modified_gmt":"2023-11-14T20:07:21","slug":"ernst-hallop-naine-1972","status":"publish","type":"product","link":"https:\/\/alleegalerii.ee\/en\/shop\/ernst-hallop-naine-1972\/","title":{"rendered":"Ernst Hallop &#8220;Naine&#8221;, 1972"},"content":{"rendered":"","protected":false},"excerpt":{"rendered":"<p>Seepia, paber. Raamitud, muuseumiklaas.<\/p>\n<p>Vm 22,5 x 48. Paberil p\u00f6\u00f6rdel musta vildikaga: E. Hallop 1972<\/p>\n<p>&#8220;Pallase&#8221; 1934. aastal l\u00f5petanud Ernst Hallopi loominguline p\u00e4rand asub valdavalt V\u00f5rumaa Muuseumis, kuna just see piirkond oli kunstnikule eriliselt s\u00fcdamel\u00e4hedane.<\/p>\n<p>Akt, kui kunstiloome oluline \u017eanr, on kunstniku vormitunnetuse, kujundliku m\u00f5tlemise ja temperamendi peegel. K\u00e4esolev kindlak\u00e4eliselt \u00fcldistav k\u00e4sitlus levis eesti kunstis peamiselt 1950.-1960. aastate vahetusel, kuid j\u00e4i p\u00e4ris mitmetele, sh Hallopile pikemalt omaseks.<\/p>\n<p>&nbsp;<\/p>\n","protected":false},"featured_media":5399,"template":"","meta":{"_acf_changed":false},"product_brand":[],"product_cat":[62,59],"product_tag":[60],"class_list":{"0":"post-5398","1":"product","2":"type-product","3":"status-publish","4":"has-post-thumbnail","6":"product_cat-joonistus","7":"product_cat-e-pood","8":"product_tag-e-pood","10":"first","11":"outofstock","12":"sold-individually","13":"shipping-taxable","14":"purchasable","15":"product-type-simple"},"acf":[],"_links":{"self":[{"href":"https:\/\/alleegalerii.ee\/en\/wp-json\/wp\/v2\/product\/5398","targetHints":{"allow":["GET"]}}],"collection":[{"href":"https:\/\/alleegalerii.ee\/en\/wp-json\/wp\/v2\/product"}],"about":[{"href":"https:\/\/alleegalerii.ee\/en\/wp-json\/wp\/v2\/types\/product"}],"wp:featuredmedia":[{"embeddable":true,"href":"https:\/\/alleegalerii.ee\/en\/wp-json\/wp\/v2\/media\/5399"}],"wp:attachment":[{"href":"https:\/\/alleegalerii.ee\/en\/wp-json\/wp\/v2\/media?parent=5398"}],"wp:term":[{"taxonomy":"product_brand","embeddable":true,"href":"https:\/\/alleegalerii.ee\/en\/wp-json\/wp\/v2\/product_brand?post=5398"},{"taxonomy":"product_cat","embeddable":true,"href":"https:\/\/alleegalerii.ee\/en\/wp-json\/wp\/v2\/product_cat?post=5398"},{"taxonomy":"product_tag","embeddable":true,"href":"https:\/\/alleegalerii.ee\/en\/wp-json\/wp\/v2\/product_tag?post=5398"}],"curies":[{"name":"wp","href":"https:\/\/api.w.org\/{rel}","templated":true}]}}