{"id":5336,"date":"2021-12-27T23:47:11","date_gmt":"2021-12-27T21:47:11","guid":{"rendered":"https:\/\/alleegalerii.ee\/?post_type=product&#038;p=5336"},"modified":"2023-11-14T22:07:32","modified_gmt":"2023-11-14T20:07:32","slug":"stanislavs-kreics-tallinna-vanasadama-vaade","status":"publish","type":"product","link":"https:\/\/alleegalerii.ee\/en\/shop\/stanislavs-kreics-tallinna-vanasadama-vaade\/","title":{"rendered":"Stanislavs Kreics &#8220;Tallinna Vanasadama vaade&#8221;, 1960-ndad"},"content":{"rendered":"<div class=\"wpb_wrapper is_stuck\">\n<div class=\"wpb_text_column wpb_content_element\">\n<div class=\"wpb_wrapper\">\n<p>\u00d5li l\u00f5uendil. Raamitud.<\/p>\n<p>M\u00f5\u00f5dud: 50 x 70 cm.<\/p>\n<p>Maalikunstnik Stanislavs Kreics (1909-1992) l\u00f5petas L\u00e4ti Kunstide Akadeemia 1947. aastal. \u00dcheks tema \u00f5petajaks oli ka oma aja nimekaimaid kunstnikke, L\u00e4ti Kunstiakadeemia asutaja Vilhelms Purvitis.<\/p>\n<p>Kreicsi lemmik\u017eanr oli meri ja selle \u00fcmber kihav rannaelu. Sestap t\u00f5mbas sadam teda Tallinnaski, kuhu ta 1960. aastate keskel maalima tuli. Vanasadama vaade oma igap\u00e4evaseid toimetusi tegevate linnakodanike, \u00f5rnalt suitsevate korstende ning taamal paistvate vanalinna tornidega on kui viiv tagasi ajalukku v\u00f5i p\u00f5nevasse m\u00e4ngufilmi. Niiv\u00f5rd h\u00e4sti on kunstnikul \u00f5nnestunud tabada sadama olemus sellisena nagu ta \u00fches h\u00e4sti toimivas linnas olema peab \u2013 kauba- ja seltskonnaelu keskus, kus vahetuvad nii kaubad kui ideed, tervitatakse ja j\u00e4etakse h\u00fcvasti, s\u00fcnnib elu. Oma tasemelt ja teostuselt on see imeline hetk Tallinna Vanasadamast \u0161ed\u00f6\u00f6ver, mis ei tohiks k\u00fclmaks j\u00e4tta \u00fchtegi hea impressionismi austajat.<\/p>\n<\/div>\n<\/div>\n<\/div>\n","protected":false},"excerpt":{"rendered":"<p>\u00d5li l\u00f5uendil. Raamitud.<\/p>\n<p>M\u00f5\u00f5dud: 50 x 70 cm.<\/p>\n<p>Maalikunstnik Stanislavs Kreics (1909-1992) l\u00f5petas L\u00e4ti Kunstide Akadeemia 1947. aastal. \u00dcheks tema \u00f5petajaks oli ka oma aja nimekaimaid kunstnikke, L\u00e4ti Kunstiakadeemia asutaja Vilhelms Purvitis.<\/p>\n<p>Kreicsi lemmik\u017eanr oli meri ja selle \u00fcmber kihav rannaelu. Sestap t\u00f5mbas sadam teda Tallinnaski, kuhu ta 1960. aastate keskel maalima tuli. Vanasadama vaade oma igap\u00e4evaseid toimetusi tegevate linnakodanike, \u00f5rnalt suitsevate korstende ning taamal paistvate vanalinna tornidega on kui viiv tagasi ajalukku v\u00f5i p\u00f5nevasse m\u00e4ngufilmi. Niiv\u00f5rd h\u00e4sti on kunstnikul \u00f5nnestunud tabada sadama olemus sellisena nagu ta \u00fches h\u00e4sti toimivas linnas olema peab \u2013 kauba- ja seltskonnaelu keskus, kus vahetuvad nii kaubad kui ideed, tervitatakse ja j\u00e4etakse h\u00fcvasti, s\u00fcnnib elu. Oma tasemelt ja teostuselt on see imeline hetk Tallinna Vanasadamast \u0161ed\u00f6\u00f6ver, mis ei tohiks k\u00fclmaks j\u00e4tta \u00fchtegi hea impressionismi austajat.<\/p>\n","protected":false},"featured_media":4764,"template":"","meta":{"_acf_changed":false},"product_brand":[],"product_cat":[415,56,59],"product_tag":[60],"class_list":{"0":"post-5336","1":"product","2":"type-product","3":"status-publish","4":"has-post-thumbnail","6":"product_cat-maal","7":"product_cat-olimaal","8":"product_cat-e-pood","9":"product_tag-e-pood","11":"first","12":"outofstock","13":"sold-individually","14":"shipping-taxable","15":"product-type-simple"},"acf":[],"_links":{"self":[{"href":"https:\/\/alleegalerii.ee\/en\/wp-json\/wp\/v2\/product\/5336","targetHints":{"allow":["GET"]}}],"collection":[{"href":"https:\/\/alleegalerii.ee\/en\/wp-json\/wp\/v2\/product"}],"about":[{"href":"https:\/\/alleegalerii.ee\/en\/wp-json\/wp\/v2\/types\/product"}],"wp:featuredmedia":[{"embeddable":true,"href":"https:\/\/alleegalerii.ee\/en\/wp-json\/wp\/v2\/media\/4764"}],"wp:attachment":[{"href":"https:\/\/alleegalerii.ee\/en\/wp-json\/wp\/v2\/media?parent=5336"}],"wp:term":[{"taxonomy":"product_brand","embeddable":true,"href":"https:\/\/alleegalerii.ee\/en\/wp-json\/wp\/v2\/product_brand?post=5336"},{"taxonomy":"product_cat","embeddable":true,"href":"https:\/\/alleegalerii.ee\/en\/wp-json\/wp\/v2\/product_cat?post=5336"},{"taxonomy":"product_tag","embeddable":true,"href":"https:\/\/alleegalerii.ee\/en\/wp-json\/wp\/v2\/product_tag?post=5336"}],"curies":[{"name":"wp","href":"https:\/\/api.w.org\/{rel}","templated":true}]}}