{"id":5295,"date":"2021-12-17T18:14:26","date_gmt":"2021-12-17T16:14:26","guid":{"rendered":"https:\/\/alleegalerii.ee\/?post_type=product&#038;p=5295"},"modified":"2024-01-25T12:03:44","modified_gmt":"2024-01-25T10:03:44","slug":"mauri-gross-sosista-edasi-2021","status":"publish","type":"product","link":"https:\/\/alleegalerii.ee\/en\/shop\/mauri-gross-sosista-edasi-2021\/","title":{"rendered":"Mauri Gross &#8220;Sosista edasi&#8221;, 2021"},"content":{"rendered":"","protected":false},"excerpt":{"rendered":"<p>M\u00dc\u00dcDUD.<\/p>\n<p>\u00d5li puidul.<\/p>\n<p>M\u00f5\u00f5dud: 129 x 82 cm (raamiga 132,5 x 85,5 cm).<\/p>\n<p>Flat-screen televiisori m\u00f5\u00f5tudes kunstiteose &#8220;Sosista edasi&#8221; tihedat taimestikku l\u00e4hemalt uurima asudes j\u00e4\u00e4b pilk \u00fcsna kiirelt peatuma vaid \u00fchte \u00f5ide v\u00f5i k\u00f5rrelehte korraga. Sellest mitmekihilisest taimer\u00e4gastikust leiab rahu, aega ning salap\u00e4rase tuuleiili h\u00fcpnotiseeriva sosina: &#8220;Tule ja tantsime koos!&#8221;<\/p>\n<p>Mauri Gross on alates aastast 2008 vabakutseline kunstnik, kes viljeleb \u00f5limaali ja graafikat. Ta on l\u00f5petanud Tartu Kunstikooli ja Eesti Kunstiakadeemia maali eriala. Alates 2013 on Eesti Kunstnike Liidu liige ja alates 2015 Maalikunstnike Liidu liige. N\u00e4itustel osalenud alates aastast 1991, sealhulgas viimasel viiel aastal osalenud rohkem kui 20 n\u00e4itusel.<\/p>\n<p>Vaata ka kunstniku t\u00f5lgendust oma loomingust, sh k\u00e4esolevast maalist: <a href=\"https:\/\/www.youtube.com\/watch?v=uHxggYGp5Iw&amp;t=12s\">https:\/\/www.youtube.com\/watch?v=uHxggYGp5Iw&amp;t=12s<\/a><\/p>\n","protected":false},"featured_media":5288,"template":"","meta":{"_acf_changed":false},"product_brand":[],"product_cat":[415,56,57,59],"product_tag":[60],"class_list":{"0":"post-5295","1":"product","2":"type-product","3":"status-publish","4":"has-post-thumbnail","6":"product_cat-maal","7":"product_cat-olimaal","8":"product_cat-muudud","9":"product_cat-e-pood","10":"product_tag-e-pood","12":"first","13":"outofstock","14":"sold-individually","15":"shipping-taxable","16":"purchasable","17":"product-type-simple"},"acf":[],"_links":{"self":[{"href":"https:\/\/alleegalerii.ee\/en\/wp-json\/wp\/v2\/product\/5295","targetHints":{"allow":["GET"]}}],"collection":[{"href":"https:\/\/alleegalerii.ee\/en\/wp-json\/wp\/v2\/product"}],"about":[{"href":"https:\/\/alleegalerii.ee\/en\/wp-json\/wp\/v2\/types\/product"}],"wp:featuredmedia":[{"embeddable":true,"href":"https:\/\/alleegalerii.ee\/en\/wp-json\/wp\/v2\/media\/5288"}],"wp:attachment":[{"href":"https:\/\/alleegalerii.ee\/en\/wp-json\/wp\/v2\/media?parent=5295"}],"wp:term":[{"taxonomy":"product_brand","embeddable":true,"href":"https:\/\/alleegalerii.ee\/en\/wp-json\/wp\/v2\/product_brand?post=5295"},{"taxonomy":"product_cat","embeddable":true,"href":"https:\/\/alleegalerii.ee\/en\/wp-json\/wp\/v2\/product_cat?post=5295"},{"taxonomy":"product_tag","embeddable":true,"href":"https:\/\/alleegalerii.ee\/en\/wp-json\/wp\/v2\/product_tag?post=5295"}],"curies":[{"name":"wp","href":"https:\/\/api.w.org\/{rel}","templated":true}]}}