{"id":5217,"date":"2021-12-03T20:44:27","date_gmt":"2021-12-03T18:44:27","guid":{"rendered":"https:\/\/alleegalerii.ee\/?post_type=product&#038;p=5217"},"modified":"2025-02-12T14:16:43","modified_gmt":"2025-02-12T12:16:43","slug":"aavo-kokk-andres-eilart-pintsliga-tommatud-linnad","status":"publish","type":"product","link":"https:\/\/alleegalerii.ee\/en\/shop\/aavo-kokk-andres-eilart-pintsliga-tommatud-linnad\/","title":{"rendered":"Aavo Kokk, Andres Eilart &#8220;Pintsliga t\u00f5mmatud linnad&#8221;"},"content":{"rendered":"","protected":false},"excerpt":{"rendered":"<p>&#8220;Pintsliga t\u00f5mmatud linnad&#8221; on hea kingitus kunstis\u00f5brale.<\/p>\n<p>312-lehek\u00fcljeline ning esmakordselt 2012. aastal ilmunud raamat l\u00e4heneb Eestile ja eestlusele uue ja p\u00f5neva nurga alt &#8211; l\u00e4bi kunstiteoste.<\/p>\n<p>Olemas ka inglis- ja venekeelne variant. Nende tellimiseks palun m\u00e4rkige keele eelistus ostukorvi kommentaaridesse.<\/p>\n<p>&nbsp;<\/p>\n","protected":false},"featured_media":5218,"template":"","meta":{"_acf_changed":false},"product_brand":[],"product_cat":[55,59],"product_tag":[60],"class_list":{"0":"post-5217","1":"product","2":"type-product","3":"status-publish","4":"has-post-thumbnail","6":"product_cat-raamatud","7":"product_cat-e-pood","8":"product_tag-e-pood","10":"first","11":"outofstock","12":"shipping-taxable","13":"purchasable","14":"product-type-simple"},"acf":[],"_links":{"self":[{"href":"https:\/\/alleegalerii.ee\/en\/wp-json\/wp\/v2\/product\/5217","targetHints":{"allow":["GET"]}}],"collection":[{"href":"https:\/\/alleegalerii.ee\/en\/wp-json\/wp\/v2\/product"}],"about":[{"href":"https:\/\/alleegalerii.ee\/en\/wp-json\/wp\/v2\/types\/product"}],"wp:featuredmedia":[{"embeddable":true,"href":"https:\/\/alleegalerii.ee\/en\/wp-json\/wp\/v2\/media\/5218"}],"wp:attachment":[{"href":"https:\/\/alleegalerii.ee\/en\/wp-json\/wp\/v2\/media?parent=5217"}],"wp:term":[{"taxonomy":"product_brand","embeddable":true,"href":"https:\/\/alleegalerii.ee\/en\/wp-json\/wp\/v2\/product_brand?post=5217"},{"taxonomy":"product_cat","embeddable":true,"href":"https:\/\/alleegalerii.ee\/en\/wp-json\/wp\/v2\/product_cat?post=5217"},{"taxonomy":"product_tag","embeddable":true,"href":"https:\/\/alleegalerii.ee\/en\/wp-json\/wp\/v2\/product_tag?post=5217"}],"curies":[{"name":"wp","href":"https:\/\/api.w.org\/{rel}","templated":true}]}}