{"id":5188,"date":"2021-11-20T13:19:06","date_gmt":"2021-11-20T11:19:06","guid":{"rendered":"https:\/\/alleegalerii.ee\/?post_type=product&#038;p=5188"},"modified":"2024-01-27T13:31:20","modified_gmt":"2024-01-27T11:31:20","slug":"olga-terri-ootus","status":"publish","type":"product","link":"https:\/\/alleegalerii.ee\/en\/shop\/olga-terri-ootus\/","title":{"rendered":"Olga Terri &#8220;Ootus&#8221;, 1940-ndad"},"content":{"rendered":"","protected":false},"excerpt":{"rendered":"<p>M\u00dc\u00dcDUD<\/p>\n<p>\u00d5li vineeril, 1940-ndad.<\/p>\n<p>M\u00f5\u00f5dud: 28,5 x 23,1 cm, koos raamiga 36,5 x 31 cm.<\/p>\n<div class=\"wpb_wrapper is_stuck\">\n<div class=\"wpb_text_column wpb_content_element\">\n<div class=\"wpb_wrapper\">\n<p>Olga Terri (1916-2011) loomingut iseloomustas inimesekeskus. Tema hinge avamise oskust iseloomustasid karakterid, kes selgelt oma aega ja ruumi representeerisid ning olid kui omamoodi ajalookroonikud.\u00a0Eerik Haameri k\u00e4e all oma stiili v\u00e4lja kujundanud Terrile olid s\u00f5ja l\u00f5puaastaist kuni 1940-ndate l\u00f5puni iseloomulikud karged kahvatud toonid, h\u00f5re katmisviis katkendlike pintslit\u00f5mmetega.<\/p>\n<p>Taoliste, ajastuhingega teoste eest visati Terri 1950. aastal Kunstnike Liidust kodanlikuks natsionalistiks tembeldatuna v\u00e4lja ning nii olid enamus tema samateemalisi maale peidetud kuni 1960. aastateni, mil ta esimest korda need taas avalikkuse ette julges tuua. Sama sarja maalidest kuulub neli ka KUMU 2021. aasta p\u00fcsikollektsiooni.<\/p>\n<\/div>\n<\/div>\n<\/div>\n","protected":false},"featured_media":5190,"template":"","meta":{"_acf_changed":false},"product_brand":[],"product_cat":[415,56,57,59],"product_tag":[60],"class_list":{"0":"post-5188","1":"product","2":"type-product","3":"status-publish","4":"has-post-thumbnail","6":"product_cat-maal","7":"product_cat-olimaal","8":"product_cat-muudud","9":"product_cat-e-pood","10":"product_tag-e-pood","12":"first","13":"outofstock","14":"sold-individually","15":"shipping-taxable","16":"product-type-simple"},"acf":[],"_links":{"self":[{"href":"https:\/\/alleegalerii.ee\/en\/wp-json\/wp\/v2\/product\/5188","targetHints":{"allow":["GET"]}}],"collection":[{"href":"https:\/\/alleegalerii.ee\/en\/wp-json\/wp\/v2\/product"}],"about":[{"href":"https:\/\/alleegalerii.ee\/en\/wp-json\/wp\/v2\/types\/product"}],"wp:featuredmedia":[{"embeddable":true,"href":"https:\/\/alleegalerii.ee\/en\/wp-json\/wp\/v2\/media\/5190"}],"wp:attachment":[{"href":"https:\/\/alleegalerii.ee\/en\/wp-json\/wp\/v2\/media?parent=5188"}],"wp:term":[{"taxonomy":"product_brand","embeddable":true,"href":"https:\/\/alleegalerii.ee\/en\/wp-json\/wp\/v2\/product_brand?post=5188"},{"taxonomy":"product_cat","embeddable":true,"href":"https:\/\/alleegalerii.ee\/en\/wp-json\/wp\/v2\/product_cat?post=5188"},{"taxonomy":"product_tag","embeddable":true,"href":"https:\/\/alleegalerii.ee\/en\/wp-json\/wp\/v2\/product_tag?post=5188"}],"curies":[{"name":"wp","href":"https:\/\/api.w.org\/{rel}","templated":true}]}}