{"id":5115,"date":"2021-10-27T09:17:11","date_gmt":"2021-10-27T06:17:11","guid":{"rendered":"https:\/\/alleegalerii.ee\/?post_type=product&#038;p=5115"},"modified":"2024-02-26T11:00:06","modified_gmt":"2024-02-26T09:00:06","slug":"epp-maria-kokamagi-rita-1989","status":"publish","type":"product","link":"https:\/\/alleegalerii.ee\/en\/shop\/epp-maria-kokamagi-rita-1989\/","title":{"rendered":"Epp Maria Kokam\u00e4gi &#8220;Rita&#8221;, 1989."},"content":{"rendered":"","protected":false},"excerpt":{"rendered":"<p>M\u00dc\u00dcDUD<\/p>\n<p>\u00d5li l\u00f5uendil. 50 x 100 cm.<\/p>\n<p>Epp Maria Kokam\u00e4gi (s 1959) on l\u00f5petanud Eesti Riikliku Kunstitinstituudi maali erialal ning on 1984. aastast Eesti Kunstnike Liidu liige. Tema teoseid on nii Eesti Kunstimuuseumi, Tartu Kunstimuuseumi, Moskva Tretjakovi galerii kui paljude teiste muuseumite ja erakollektsion\u00e4\u00e4ride kogudes.<\/p>\n<p>Teost ehib abikaasa Jaak Arro tehtud raam.<\/p>\n","protected":false},"featured_media":5116,"template":"","meta":{"_acf_changed":false},"product_brand":[],"product_cat":[415,56,57,59],"product_tag":[60],"class_list":{"0":"post-5115","1":"product","2":"type-product","3":"status-publish","4":"has-post-thumbnail","6":"product_cat-maal","7":"product_cat-olimaal","8":"product_cat-muudud","9":"product_cat-e-pood","10":"product_tag-e-pood","12":"first","13":"outofstock","14":"sold-individually","15":"shipping-taxable","16":"product-type-simple"},"acf":[],"_links":{"self":[{"href":"https:\/\/alleegalerii.ee\/en\/wp-json\/wp\/v2\/product\/5115","targetHints":{"allow":["GET"]}}],"collection":[{"href":"https:\/\/alleegalerii.ee\/en\/wp-json\/wp\/v2\/product"}],"about":[{"href":"https:\/\/alleegalerii.ee\/en\/wp-json\/wp\/v2\/types\/product"}],"wp:featuredmedia":[{"embeddable":true,"href":"https:\/\/alleegalerii.ee\/en\/wp-json\/wp\/v2\/media\/5116"}],"wp:attachment":[{"href":"https:\/\/alleegalerii.ee\/en\/wp-json\/wp\/v2\/media?parent=5115"}],"wp:term":[{"taxonomy":"product_brand","embeddable":true,"href":"https:\/\/alleegalerii.ee\/en\/wp-json\/wp\/v2\/product_brand?post=5115"},{"taxonomy":"product_cat","embeddable":true,"href":"https:\/\/alleegalerii.ee\/en\/wp-json\/wp\/v2\/product_cat?post=5115"},{"taxonomy":"product_tag","embeddable":true,"href":"https:\/\/alleegalerii.ee\/en\/wp-json\/wp\/v2\/product_tag?post=5115"}],"curies":[{"name":"wp","href":"https:\/\/api.w.org\/{rel}","templated":true}]}}