{"id":4904,"date":"2021-10-17T19:36:20","date_gmt":"2021-10-17T16:36:20","guid":{"rendered":"https:\/\/alleegalerii.ee\/?post_type=product&#038;p=4904"},"modified":"2023-11-14T22:07:37","modified_gmt":"2023-11-14T20:07:37","slug":"22-eugenie-noormagi-hansen-vaade-heledasse-ruumi-1950-60ndad","status":"publish","type":"product","link":"https:\/\/alleegalerii.ee\/en\/shop\/22-eugenie-noormagi-hansen-vaade-heledasse-ruumi-1950-60ndad\/","title":{"rendered":"22. Eugeni(e) Noorm\u00e4gi-Hansen \u201cVaade heledasse ruumi\u201d, 1950-60ndad."},"content":{"rendered":"","protected":false},"excerpt":{"rendered":"<p>\u00d5li l\u00f5uendil. 100,5 x 83 cm.<\/p>\n<p><span style=\"font-weight: 400;\">1920.aastatel v\u00e4lismaale siirdunud, taanlasega abiellunud ning seal kodu loonud Eugenie Noorm\u00e4gi-Hansen on end kunstialaselt t\u00e4iendanud nii New Yorgis, Pariisis kui Kopenhaagenis. Taoline laiap\u00f5hjaline haridustee kujundas temast mitmek\u00fclgse, kindla isikup\u00e4rase k\u00e4ekirjaga maalija, kelle loomingus on tuntav s\u00f5jaj\u00e4rgse prantsuse abstraktse v\u00f5i poolabstraktse maali m\u00f5ju.<\/span><\/p>\n<p><span style=\"font-weight: 400;\">K\u00e4esolevas, 1950\/60-ndatesse kuuluvas teoses n\u00e4emegi nii Pariisi koolkonna rafineeritust kui ka taani kunstiklassikale omast jahedat selgust. Ta \u00fchendab meisterlikult tasapinnalisuse ja ruumilisuse, v\u00e4rvi ja valguse ning loob mahedav\u00e4rvilisi fragmente kokku ladudes filosoofilise heleda ruumi\u2026<\/span><\/p>\n<p>&nbsp;<\/p>\n","protected":false},"featured_media":4895,"template":"","meta":{"_acf_changed":false},"product_brand":[],"product_cat":[75],"product_tag":[],"class_list":{"0":"post-4904","1":"product","2":"type-product","3":"status-publish","4":"has-post-thumbnail","6":"product_cat-sugisoksjon-2021","7":"auction-is-closed","8":"current-user-is-not-highest-bidder","10":"first","11":"instock","12":"shipping-taxable","13":"purchasable","14":"product-type-auction"},"acf":[],"_links":{"self":[{"href":"https:\/\/alleegalerii.ee\/en\/wp-json\/wp\/v2\/product\/4904","targetHints":{"allow":["GET"]}}],"collection":[{"href":"https:\/\/alleegalerii.ee\/en\/wp-json\/wp\/v2\/product"}],"about":[{"href":"https:\/\/alleegalerii.ee\/en\/wp-json\/wp\/v2\/types\/product"}],"wp:featuredmedia":[{"embeddable":true,"href":"https:\/\/alleegalerii.ee\/en\/wp-json\/wp\/v2\/media\/4895"}],"wp:attachment":[{"href":"https:\/\/alleegalerii.ee\/en\/wp-json\/wp\/v2\/media?parent=4904"}],"wp:term":[{"taxonomy":"product_brand","embeddable":true,"href":"https:\/\/alleegalerii.ee\/en\/wp-json\/wp\/v2\/product_brand?post=4904"},{"taxonomy":"product_cat","embeddable":true,"href":"https:\/\/alleegalerii.ee\/en\/wp-json\/wp\/v2\/product_cat?post=4904"},{"taxonomy":"product_tag","embeddable":true,"href":"https:\/\/alleegalerii.ee\/en\/wp-json\/wp\/v2\/product_tag?post=4904"}],"curies":[{"name":"wp","href":"https:\/\/api.w.org\/{rel}","templated":true}]}}