{"id":41094,"date":"2026-05-02T15:10:35","date_gmt":"2026-05-02T12:10:35","guid":{"rendered":"https:\/\/alleegalerii.ee\/?post_type=product&#038;p=41094"},"modified":"2026-05-02T15:55:57","modified_gmt":"2026-05-02T12:55:57","slug":"olav-maran-vaikelu-vaikese-vaskkruusiga-2023","status":"publish","type":"product","link":"https:\/\/alleegalerii.ee\/en\/shop\/olav-maran-vaikelu-vaikese-vaskkruusiga-2023\/","title":{"rendered":"Olav Maran &#8220;Vaikelu v\u00e4ikese vaskkruusiga&#8221;, 2023"},"content":{"rendered":"","protected":false},"excerpt":{"rendered":"<p class=\"p1\">\u00d5li vineeril. Raamitud.<\/p>\n<p class=\"p1\">M\u00f5\u00f5dud: 46 x 58 cm, raamiga 56 x 59 cm.<\/p>\n<p class=\"p1\">All vasakul: OM23<br \/>\nP\u00f6\u00f6rdel: Olav Maran Vaikelu v\u00e4ikese vaskkruusiga 2023 \u00f5li 46 x 58<\/p>\n<p>K\u00f5rgelt auhinnatud eesti kunstnik Olav Maran s\u00fcndis Tartus 1933 a., kuid juba lapsena koliti perega Tallinnasse. Peale \u00f5pinguid ENSV Riiklikus Kunstiinstituudis osales ta arvukatel n\u00e4itustel.<\/p>\n","protected":false},"featured_media":41095,"template":"","meta":{"_acf_changed":false},"product_brand":[],"product_cat":[415,56,59],"product_tag":[60],"class_list":{"0":"post-41094","1":"product","2":"type-product","3":"status-publish","4":"has-post-thumbnail","6":"product_cat-maal","7":"product_cat-olimaal","8":"product_cat-e-pood","9":"product_tag-e-pood","11":"first","12":"instock","13":"sold-individually","14":"shipping-taxable","15":"purchasable","16":"product-type-simple"},"acf":[],"_links":{"self":[{"href":"https:\/\/alleegalerii.ee\/en\/wp-json\/wp\/v2\/product\/41094","targetHints":{"allow":["GET"]}}],"collection":[{"href":"https:\/\/alleegalerii.ee\/en\/wp-json\/wp\/v2\/product"}],"about":[{"href":"https:\/\/alleegalerii.ee\/en\/wp-json\/wp\/v2\/types\/product"}],"wp:featuredmedia":[{"embeddable":true,"href":"https:\/\/alleegalerii.ee\/en\/wp-json\/wp\/v2\/media\/41095"}],"wp:attachment":[{"href":"https:\/\/alleegalerii.ee\/en\/wp-json\/wp\/v2\/media?parent=41094"}],"wp:term":[{"taxonomy":"product_brand","embeddable":true,"href":"https:\/\/alleegalerii.ee\/en\/wp-json\/wp\/v2\/product_brand?post=41094"},{"taxonomy":"product_cat","embeddable":true,"href":"https:\/\/alleegalerii.ee\/en\/wp-json\/wp\/v2\/product_cat?post=41094"},{"taxonomy":"product_tag","embeddable":true,"href":"https:\/\/alleegalerii.ee\/en\/wp-json\/wp\/v2\/product_tag?post=41094"}],"curies":[{"name":"wp","href":"https:\/\/api.w.org\/{rel}","templated":true}]}}