{"id":41077,"date":"2026-04-29T12:46:55","date_gmt":"2026-04-29T09:46:55","guid":{"rendered":"https:\/\/alleegalerii.ee\/?post_type=product&#038;p=41077"},"modified":"2026-04-29T12:46:56","modified_gmt":"2026-04-29T09:46:56","slug":"efraim-allsalu-lilled-vaasis-1977","status":"publish","type":"product","link":"https:\/\/alleegalerii.ee\/en\/shop\/efraim-allsalu-lilled-vaasis-1977\/","title":{"rendered":"Efraim Allsalu &#8220;Lilled vaasis&#8221;, 1977"},"content":{"rendered":"","protected":false},"excerpt":{"rendered":"<p>\u00d5li puitlaastplaat. Raamitud.<\/p>\n<p>M\u00f5\u00f5dud: 32,5 x 23 cm, raamiga 47 x 38 cm.<\/p>\n<p>All paremal: E A 77.<\/p>\n<p>Efraim Allsalu (1929-2006) oli 1950-1970ndatel Tartu maalikunsti \u00fcks kandvamaid j\u00f5ude. 1954. aastal ERKI kiitusega l\u00f5petanud Allsalu armastas maalida nii inimesi, maastikke kui lilli, ent viimane neist kujunes tema lemmik\u017eanriks.<\/p>\n<p>&nbsp;<\/p>\n<p>&nbsp;<\/p>\n","protected":false},"featured_media":41080,"template":"","meta":{"_acf_changed":false},"product_brand":[],"product_cat":[415,56,59],"product_tag":[60],"class_list":{"0":"post-41077","1":"product","2":"type-product","3":"status-publish","4":"has-post-thumbnail","6":"product_cat-maal","7":"product_cat-olimaal","8":"product_cat-e-pood","9":"product_tag-e-pood","11":"first","12":"instock","13":"sold-individually","14":"shipping-taxable","15":"purchasable","16":"product-type-simple"},"acf":[],"_links":{"self":[{"href":"https:\/\/alleegalerii.ee\/en\/wp-json\/wp\/v2\/product\/41077","targetHints":{"allow":["GET"]}}],"collection":[{"href":"https:\/\/alleegalerii.ee\/en\/wp-json\/wp\/v2\/product"}],"about":[{"href":"https:\/\/alleegalerii.ee\/en\/wp-json\/wp\/v2\/types\/product"}],"wp:featuredmedia":[{"embeddable":true,"href":"https:\/\/alleegalerii.ee\/en\/wp-json\/wp\/v2\/media\/41080"}],"wp:attachment":[{"href":"https:\/\/alleegalerii.ee\/en\/wp-json\/wp\/v2\/media?parent=41077"}],"wp:term":[{"taxonomy":"product_brand","embeddable":true,"href":"https:\/\/alleegalerii.ee\/en\/wp-json\/wp\/v2\/product_brand?post=41077"},{"taxonomy":"product_cat","embeddable":true,"href":"https:\/\/alleegalerii.ee\/en\/wp-json\/wp\/v2\/product_cat?post=41077"},{"taxonomy":"product_tag","embeddable":true,"href":"https:\/\/alleegalerii.ee\/en\/wp-json\/wp\/v2\/product_tag?post=41077"}],"curies":[{"name":"wp","href":"https:\/\/api.w.org\/{rel}","templated":true}]}}