{"id":41031,"date":"2026-04-23T22:42:12","date_gmt":"2026-04-23T19:42:12","guid":{"rendered":"https:\/\/alleegalerii.ee\/?post_type=product&#038;p=41031"},"modified":"2026-04-23T22:42:27","modified_gmt":"2026-04-23T19:42:27","slug":"stina-murakas-sulanud-marmelaad-2007","status":"publish","type":"product","link":"https:\/\/alleegalerii.ee\/en\/shop\/stina-murakas-sulanud-marmelaad-2007\/","title":{"rendered":"SAABUMAS. Stina Murakas \u201cSulanud marmelaad\u201d, 2007"},"content":{"rendered":"","protected":false},"excerpt":{"rendered":"<p>\u00d5li l\u00f5uendil.<\/p>\n<p>M\u00f5\u00f5dud: 100 x 130cm<\/p>\n<p>Teos on signeeritud.<\/p>\n<p>Eesti Kunstiakadeemia maali erialal l\u00f5petanud ning Hiiumaal elanud kunstnik Stina Murakas (1967-2021) on oma loomingu kohta r\u00e4\u00e4kinud: \u201eMaal on nagu elu ise \u2013 sa v\u00f5id lisada kihte, palju-palju kihte ja k\u00f5ike kogu aeg muuta. Hea on teada, et sa v\u00f5id k\u00f5ike muuta: paremaks, t\u00e4iuslikumaks, tundlikumaks, tihedamaks, h\u00f5redamaks, heledamaks, tumedamaks, v\u00e4rvilisemaks, voolavamaks, r\u00f5\u00f5msamaks. Mulle meeldib, kui on koos j\u00f5uline ja \u00f5rn, k\u00fclm ja soe, sinine ja punane, ja h\u00e4sti palju heledust, valgust, soojust\u201d (Hedvig Hansoni intervjuu, Hingele pai, 2017).<\/p>\n","protected":false},"featured_media":41032,"template":"","meta":{"_acf_changed":false},"product_brand":[],"product_cat":[415,56,59],"product_tag":[60],"class_list":{"0":"post-41031","1":"product","2":"type-product","3":"status-publish","4":"has-post-thumbnail","6":"product_cat-maal","7":"product_cat-olimaal","8":"product_cat-e-pood","9":"product_tag-e-pood","11":"first","12":"instock","13":"sold-individually","14":"shipping-taxable","15":"product-type-simple"},"acf":[],"_links":{"self":[{"href":"https:\/\/alleegalerii.ee\/en\/wp-json\/wp\/v2\/product\/41031","targetHints":{"allow":["GET"]}}],"collection":[{"href":"https:\/\/alleegalerii.ee\/en\/wp-json\/wp\/v2\/product"}],"about":[{"href":"https:\/\/alleegalerii.ee\/en\/wp-json\/wp\/v2\/types\/product"}],"wp:featuredmedia":[{"embeddable":true,"href":"https:\/\/alleegalerii.ee\/en\/wp-json\/wp\/v2\/media\/41032"}],"wp:attachment":[{"href":"https:\/\/alleegalerii.ee\/en\/wp-json\/wp\/v2\/media?parent=41031"}],"wp:term":[{"taxonomy":"product_brand","embeddable":true,"href":"https:\/\/alleegalerii.ee\/en\/wp-json\/wp\/v2\/product_brand?post=41031"},{"taxonomy":"product_cat","embeddable":true,"href":"https:\/\/alleegalerii.ee\/en\/wp-json\/wp\/v2\/product_cat?post=41031"},{"taxonomy":"product_tag","embeddable":true,"href":"https:\/\/alleegalerii.ee\/en\/wp-json\/wp\/v2\/product_tag?post=41031"}],"curies":[{"name":"wp","href":"https:\/\/api.w.org\/{rel}","templated":true}]}}