{"id":40987,"date":"2026-04-15T14:12:18","date_gmt":"2026-04-15T11:12:18","guid":{"rendered":"https:\/\/alleegalerii.ee\/?post_type=product&#038;p=40987"},"modified":"2026-04-16T16:56:56","modified_gmt":"2026-04-16T13:56:56","slug":"221-mart-org-aken-toscanas","status":"publish","type":"product","link":"https:\/\/alleegalerii.ee\/en\/shop\/221-mart-org-aken-toscanas\/","title":{"rendered":"221. Mart Org \u201cWindow in Tuscany\u201d"},"content":{"rendered":"<div class=\"wpb-content-wrapper\"><p>[vc_row][vc_column][vc_column_text css=&#8221;&#8221; woodmart_inline=&#8221;no&#8221; text_larger=&#8221;no&#8221;]<\/p>\n<h5>\u00d5li l\u00f5uendil. 1966.<br \/>\nAll paremal: Mart Org 1966<br \/>\nP\u00f6\u00f6rdel: F\u00f6nstret Toscana Mart Org 1966<\/h5>\n<p>Eestis s\u00fcndinud, Rootsis \u00fcles kasvanud ja Stockholmis kunsti \u00f5ppinud Mart Org (s 1935) on Enno Halleki ja Ilon Wiklandi k\u00f5rval \u00fcks neist, kes l\u00f5id hiilgavalt l\u00e4bi uuel asukohamaal. Org uuendas 1960. aastal Rootsi maalikunsti sellega, et tuli seal abstraktse kunsti k\u00f5rgkonjunktuuri ajal v\u00e4lja uusimpressionistliku maaliga, p\u00e4lvides kohe positiivset t\u00e4helepanu ja suuri oste.<\/p>\n<p>Itaalia muutus Orule tol k\u00fcmnendil lemmikreisikohaks ning p\u00e4ikselisse Toskaanasse rajas ta ka oma suvekodu. T\u00f5en\u00e4oliselt kujutabki siinne vaade aknast kunstniku maja aeda, v\u00f5ludes elavuse ja v\u00e4rvik\u00fcllusega, millest aimub r\u00f5\u00f5mu puhkusest ja suvest.<\/p>\n<p style=\"text-align: right;\">Tekst: Harry Liivrand<\/p>\n<p>[\/vc_column_text][\/vc_column][\/vc_row]<\/p>\n<\/div>","protected":false},"excerpt":{"rendered":"<p>[vc_row][vc_column][vc_column_text css=&#8221;&#8221; woodmart_inline=&#8221;no&#8221; text_larger=&#8221;no&#8221;] \u00d5li l\u00f5uendil. 1966. All paremal: Mart Org 1966 P\u00f6\u00f6rdel: F\u00f6nstret Toscana Mart Org 1966 Eestis s\u00fcndinud,<\/p>\n","protected":false},"featured_media":39321,"template":"","meta":{"_acf_changed":false},"product_brand":[],"product_cat":[435],"product_tag":[],"class_list":{"0":"post-40987","1":"product","2":"type-product","3":"status-publish","4":"has-post-thumbnail","6":"product_cat-kevadoksjon-2026","7":"auction-is-open","9":"first","10":"instock","11":"shipping-taxable","12":"purchasable","13":"product-type-auction"},"acf":[],"_links":{"self":[{"href":"https:\/\/alleegalerii.ee\/en\/wp-json\/wp\/v2\/product\/40987","targetHints":{"allow":["GET"]}}],"collection":[{"href":"https:\/\/alleegalerii.ee\/en\/wp-json\/wp\/v2\/product"}],"about":[{"href":"https:\/\/alleegalerii.ee\/en\/wp-json\/wp\/v2\/types\/product"}],"wp:featuredmedia":[{"embeddable":true,"href":"https:\/\/alleegalerii.ee\/en\/wp-json\/wp\/v2\/media\/39321"}],"wp:attachment":[{"href":"https:\/\/alleegalerii.ee\/en\/wp-json\/wp\/v2\/media?parent=40987"}],"wp:term":[{"taxonomy":"product_brand","embeddable":true,"href":"https:\/\/alleegalerii.ee\/en\/wp-json\/wp\/v2\/product_brand?post=40987"},{"taxonomy":"product_cat","embeddable":true,"href":"https:\/\/alleegalerii.ee\/en\/wp-json\/wp\/v2\/product_cat?post=40987"},{"taxonomy":"product_tag","embeddable":true,"href":"https:\/\/alleegalerii.ee\/en\/wp-json\/wp\/v2\/product_tag?post=40987"}],"curies":[{"name":"wp","href":"https:\/\/api.w.org\/{rel}","templated":true}]}}