{"id":40986,"date":"2026-04-15T10:48:45","date_gmt":"2026-04-15T07:48:45","guid":{"rendered":"https:\/\/alleegalerii.ee\/?post_type=product&#038;p=40986"},"modified":"2026-04-16T15:27:53","modified_gmt":"2026-04-16T12:27:53","slug":"119-ivar-kaasik-akt-oitemeres","status":"publish","type":"product","link":"https:\/\/alleegalerii.ee\/en\/shop\/119-ivar-kaasik-akt-oitemeres\/","title":{"rendered":"119. Ivar Kaasik \u201cNude in a Sea of Flowers\u201d"},"content":{"rendered":"<div class=\"wpb-content-wrapper\"><p>[vc_row][vc_column][vc_column_text css=&#8221;&#8221; woodmart_inline=&#8221;no&#8221; text_larger=&#8221;no&#8221;]<\/p>\n<h5>\u00d5li l\u00f5uendil. 2010.<br \/>\nAll paremal: Ivar Kaasik<br \/>\nP\u00f6\u00f6rdel: IVAR KAASIK 2010 autori signeering<\/h5>\n<p>Berliinis t\u00f6\u00f6tava eesti maalija Ivar Kaasiku (s 1965)\u00a0 uusfotorealistliku loomingu keskmes on mitmet\u00e4henduslik figuraalkompositsioon, ise\u00e4ranis naisfiguur. Nende sekka kuulub ka maal &#8220;Akt \u00f5itemeres&#8221;, mis l\u00e4htub 19. sajandi teisel poolel kujunenud uuest aktimaali traditsioonist. See erines kardinaalselt Giorgione ja Tiziani lansseeritud sulnist k\u00fclili poosis lamavast alasti kujust, sest uus v\u00e4ljenduslaad p\u00f6\u00f6rdus varjamatult erootilise imago suunda.<\/p>\n<p>Kaasik astub oma maaliga dialoogi n\u00e4iteks Eduard Wiiralti graafilise lehega &#8220;Arkeia&#8221; v\u00f5i Evald Okase aktikompositsioonidega, kuid teeb seda muidugi omamoodi. Keha rakurss pealtvaates ja ornamenteeritud punane taust &#8211; punane kui armastuse v\u00e4rv &#8211; moodustavad kokku tugeva emotsionaalse laenguga visuaalse terviku, mille aga veelgi intrigeerivamaks muudavad lopsakate pojengi- ja roosi\u00f5ite meri.<\/p>\n<p style=\"text-align: right\">Tekst: Harry Liivrand<\/p>\n<p>[\/vc_column_text][\/vc_column][\/vc_row]<\/p>\n<\/div>","protected":false},"excerpt":{"rendered":"<p>[vc_row][vc_column][vc_column_text css=&#8221;&#8221; woodmart_inline=&#8221;no&#8221; text_larger=&#8221;no&#8221;] \u00d5li l\u00f5uendil. 2010. All paremal: Ivar Kaasik P\u00f6\u00f6rdel: IVAR KAASIK 2010 autori signeering Berliinis t\u00f6\u00f6tava eesti<\/p>\n","protected":false},"featured_media":38620,"template":"","meta":{"_acf_changed":false},"product_brand":[],"product_cat":[435],"product_tag":[],"class_list":{"0":"post-40986","1":"product","2":"type-product","3":"status-publish","4":"has-post-thumbnail","6":"product_cat-kevadoksjon-2026","7":"auction-is-open","8":"current-user-is-not-highest-bidder","10":"first","11":"instock","12":"shipping-taxable","13":"purchasable","14":"product-type-auction"},"acf":[],"_links":{"self":[{"href":"https:\/\/alleegalerii.ee\/en\/wp-json\/wp\/v2\/product\/40986","targetHints":{"allow":["GET"]}}],"collection":[{"href":"https:\/\/alleegalerii.ee\/en\/wp-json\/wp\/v2\/product"}],"about":[{"href":"https:\/\/alleegalerii.ee\/en\/wp-json\/wp\/v2\/types\/product"}],"wp:featuredmedia":[{"embeddable":true,"href":"https:\/\/alleegalerii.ee\/en\/wp-json\/wp\/v2\/media\/38620"}],"wp:attachment":[{"href":"https:\/\/alleegalerii.ee\/en\/wp-json\/wp\/v2\/media?parent=40986"}],"wp:term":[{"taxonomy":"product_brand","embeddable":true,"href":"https:\/\/alleegalerii.ee\/en\/wp-json\/wp\/v2\/product_brand?post=40986"},{"taxonomy":"product_cat","embeddable":true,"href":"https:\/\/alleegalerii.ee\/en\/wp-json\/wp\/v2\/product_cat?post=40986"},{"taxonomy":"product_tag","embeddable":true,"href":"https:\/\/alleegalerii.ee\/en\/wp-json\/wp\/v2\/product_tag?post=40986"}],"curies":[{"name":"wp","href":"https:\/\/api.w.org\/{rel}","templated":true}]}}