{"id":40985,"date":"2026-04-15T13:58:25","date_gmt":"2026-04-15T10:58:25","guid":{"rendered":"https:\/\/alleegalerii.ee\/?post_type=product&#038;p=40985"},"modified":"2026-04-16T16:40:36","modified_gmt":"2026-04-16T13:40:36","slug":"203-august-karro-muistne-vabadusvoitlus","status":"publish","type":"product","link":"https:\/\/alleegalerii.ee\/en\/shop\/203-august-karro-muistne-vabadusvoitlus\/","title":{"rendered":"203. August Karro \u201cAncient Struggle for Freedom\u201d"},"content":{"rendered":"<div class=\"wpb-content-wrapper\"><p>[vc_row][vc_column][vc_column_text css=&#8221;&#8221; woodmart_inline=&#8221;no&#8221; text_larger=&#8221;no&#8221;]<\/p>\n<h5>\u00d5li l\u00f5uendil. 1936.<br \/>\nAll paremal: AKARRO 36<\/h5>\n<p style=\"text-align: right;\">\u201cEestlased ei ole mitte k\u00e4rbsed, kes t\u00e4na s\u00fcnnivad ja homme surevad,<br \/>\nvaid \u00fcks vana ja visa rahva sugu, kes ammu juba maailmas on elanud<br \/>\nja ka p\u00e4rast meid veel kaua kestma j\u00e4\u00e4b.\u201d<\/p>\n<p style=\"text-align: right;\">Jakob Hurt<\/p>\n<p>August Karro \u00f5ppis Treffneri g\u00fcmnaasiumis ning v\u00f5ttis juba seal joonistustunde, ent t\u00f5sisemalt asus kunsti \u00f5ppima Kunstide Edendamise Seltsi koolis Peterburis. Karro oli \u00fcks neist, kes asutas Kunstide Edendamise Seltsi Tartus ning \u00fchtlasi esines selle n\u00e4itusel 1921. aastal. 1923. aastast v\u00f5eti ta vastu Eesti Kunstnikkude Liitu.<\/p>\n<p>D\u00fcnaamiline, figuuridega tihedalt t\u00e4idetud lahingustseen valmis n\u00e4htavasti peatselt p\u00e4rast Mait Metsanurga romaani \u201e\u00dcmera j\u00f5el\u201c ilmumist 1934. aastal. Dateerimisel on abiks ka tema hilisemad maalid, sest s\u00f5ja-aastatel elas kunstnik Otep\u00e4\u00e4l ja maalis maastikke. D\u00fcnaamiline v\u00f5itlusstseen on t\u00e4is energiat ja v\u00f5itlusj\u00f5udu ning on seel\u00e4bi eestlase visa hinge visuaalseks ekvivalendiks.<\/p>\n<p style=\"text-align: right;\">Tekst: Mai Levin<\/p>\n<p>[\/vc_column_text][\/vc_column][\/vc_row]<\/p>\n<\/div>","protected":false},"excerpt":{"rendered":"<p>[vc_row][vc_column][vc_column_text css=&#8221;&#8221; woodmart_inline=&#8221;no&#8221; text_larger=&#8221;no&#8221;] \u00d5li l\u00f5uendil. 1936. All paremal: AKARRO 36 \u201cEestlased ei ole mitte k\u00e4rbsed, kes t\u00e4na s\u00fcnnivad ja<\/p>\n","protected":false},"featured_media":40423,"template":"","meta":{"_acf_changed":false},"product_brand":[],"product_cat":[435],"product_tag":[],"class_list":{"0":"post-40985","1":"product","2":"type-product","3":"status-publish","4":"has-post-thumbnail","6":"product_cat-kevadoksjon-2026","7":"auction-is-open","9":"first","10":"instock","11":"shipping-taxable","12":"purchasable","13":"product-type-auction"},"acf":[],"_links":{"self":[{"href":"https:\/\/alleegalerii.ee\/en\/wp-json\/wp\/v2\/product\/40985","targetHints":{"allow":["GET"]}}],"collection":[{"href":"https:\/\/alleegalerii.ee\/en\/wp-json\/wp\/v2\/product"}],"about":[{"href":"https:\/\/alleegalerii.ee\/en\/wp-json\/wp\/v2\/types\/product"}],"wp:featuredmedia":[{"embeddable":true,"href":"https:\/\/alleegalerii.ee\/en\/wp-json\/wp\/v2\/media\/40423"}],"wp:attachment":[{"href":"https:\/\/alleegalerii.ee\/en\/wp-json\/wp\/v2\/media?parent=40985"}],"wp:term":[{"taxonomy":"product_brand","embeddable":true,"href":"https:\/\/alleegalerii.ee\/en\/wp-json\/wp\/v2\/product_brand?post=40985"},{"taxonomy":"product_cat","embeddable":true,"href":"https:\/\/alleegalerii.ee\/en\/wp-json\/wp\/v2\/product_cat?post=40985"},{"taxonomy":"product_tag","embeddable":true,"href":"https:\/\/alleegalerii.ee\/en\/wp-json\/wp\/v2\/product_tag?post=40985"}],"curies":[{"name":"wp","href":"https:\/\/api.w.org\/{rel}","templated":true}]}}