{"id":40984,"date":"2026-04-15T09:47:56","date_gmt":"2026-04-15T06:47:56","guid":{"rendered":"https:\/\/alleegalerii.ee\/?post_type=product&#038;p=40984"},"modified":"2026-04-16T14:18:06","modified_gmt":"2026-04-16T11:18:06","slug":"100-eduard-wiiralt-kunstnik-martin-baeri-portree","status":"publish","type":"product","link":"https:\/\/alleegalerii.ee\/en\/shop\/100-eduard-wiiralt-kunstnik-martin-baeri-portree\/","title":{"rendered":"100. Eduard Wiiralt \u201cPortrait of the Artist Martin Baer\u201d"},"content":{"rendered":"<div class=\"wpb-content-wrapper\"><p>[vc_row][vc_column][vc_column_text css=&#8221;&#8221; woodmart_inline=&#8221;no&#8221; text_larger=&#8221;no&#8221;]<\/p>\n<h5>Kuivn\u00f5el paberil. 1937\/1947.<br \/>\nAll vasakul plaadil: WIIRALT 15 XII 1937<br \/>\nAll vasakul: Kuivn\u00f5el 1937<br \/>\nAll paremal: Eduard Wiiralt<br \/>\nP\u00f6\u00f6rdel: 1 juillet 1947<\/h5>\n<p><span style=\"font-weight: 400;\">Martin Baer (1894 \u2013 1961) oli ameerika maalija, kes v\u00f5ttis Eduard Wiiraltilt (1898-1954) Pariisis grav\u00fc\u00fcritunde. Detsembris 1937 tegi Wiiralt temast kaks portreed kuivn\u00f5ela tehnikas: \u201eKunstnik M. Baer raamatuga\u201c; millest on kaks varianti, ning k\u00e4esolev teos. Just see viimane m\u00f5jub oma filosoofilisuses tunduvalt \u00fcldistavamalt, vaimuinimese koondportreena. Keegi, kelle m\u00f5tted tegelevad millegi \u00fclla ja k\u00f5rgega.<\/span><\/p>\n<p style=\"text-align: right;\"><span style=\"font-weight: 400;\">Tekst: Mai Levin <\/span><\/p>\n<p>[\/vc_column_text][\/vc_column][\/vc_row]<\/p>\n<\/div>","protected":false},"excerpt":{"rendered":"<p>[vc_row][vc_column][vc_column_text css=&#8221;&#8221; woodmart_inline=&#8221;no&#8221; text_larger=&#8221;no&#8221;] Kuivn\u00f5el paberil. 1937\/1947. All vasakul plaadil: WIIRALT 15 XII 1937 All vasakul: Kuivn\u00f5el 1937 All paremal:<\/p>\n","protected":false},"featured_media":39966,"template":"","meta":{"_acf_changed":false},"product_brand":[],"product_cat":[435],"product_tag":[],"class_list":{"0":"post-40984","1":"product","2":"type-product","3":"status-publish","4":"has-post-thumbnail","6":"product_cat-kevadoksjon-2026","7":"auction-is-open","9":"first","10":"instock","11":"shipping-taxable","12":"purchasable","13":"product-type-auction"},"acf":[],"_links":{"self":[{"href":"https:\/\/alleegalerii.ee\/en\/wp-json\/wp\/v2\/product\/40984","targetHints":{"allow":["GET"]}}],"collection":[{"href":"https:\/\/alleegalerii.ee\/en\/wp-json\/wp\/v2\/product"}],"about":[{"href":"https:\/\/alleegalerii.ee\/en\/wp-json\/wp\/v2\/types\/product"}],"wp:featuredmedia":[{"embeddable":true,"href":"https:\/\/alleegalerii.ee\/en\/wp-json\/wp\/v2\/media\/39966"}],"wp:attachment":[{"href":"https:\/\/alleegalerii.ee\/en\/wp-json\/wp\/v2\/media?parent=40984"}],"wp:term":[{"taxonomy":"product_brand","embeddable":true,"href":"https:\/\/alleegalerii.ee\/en\/wp-json\/wp\/v2\/product_brand?post=40984"},{"taxonomy":"product_cat","embeddable":true,"href":"https:\/\/alleegalerii.ee\/en\/wp-json\/wp\/v2\/product_cat?post=40984"},{"taxonomy":"product_tag","embeddable":true,"href":"https:\/\/alleegalerii.ee\/en\/wp-json\/wp\/v2\/product_tag?post=40984"}],"curies":[{"name":"wp","href":"https:\/\/api.w.org\/{rel}","templated":true}]}}