{"id":40981,"date":"2026-04-15T13:16:00","date_gmt":"2026-04-15T10:16:00","guid":{"rendered":"https:\/\/alleegalerii.ee\/?post_type=product&#038;p=40981"},"modified":"2026-04-16T16:03:35","modified_gmt":"2026-04-16T13:03:35","slug":"158-alfred-kongo-natuurmort","status":"publish","type":"product","link":"https:\/\/alleegalerii.ee\/en\/shop\/158-alfred-kongo-natuurmort\/","title":{"rendered":"158. Alfred Kongo Still life\""},"content":{"rendered":"<div class=\"wpb-content-wrapper\"><p>[vc_row][vc_column][vc_column_text css=&#8221;&#8221; woodmart_inline=&#8221;no&#8221; text_larger=&#8221;no&#8221;]<\/p>\n<h5>Tempera papil. 1967.<br \/>\nP\u00f6\u00f6rdel eraldi papil: Nat\u00fc\u00fcrmort 50&#215;70 papp. temp. 1967 A. Kongo<\/h5>\n<p>Legendaarsesse 1940. aasta Pallase lendu kuulunud Alfred Kongost (1906-1990) kujunes selle legendaarse kooli maalitraditsioonide pikaajalisemaid hoidjaid, kelle selge stiil kristalliseerus 1960. aastatel: fovistlik-ekspressiivne v\u00e4rvikasutus, tugevad mustad kontuurjooned, h\u00f5\u00f5guvad punased ja s\u00fcgavad sinised toonid, lihtsad kompositsioonid.<\/p>\n<p>Vaikelud ja lillemaalid olid Kongo p\u00e4risosa. Tema 1967. aastal maalitud &#8220;Nat\u00fc\u00fcrmort&#8221; on suurep\u00e4rane n\u00e4ide kunstniku hoogsast maalilaadist ja lihtsas motiivis peituva poeesia v\u00e4ljatoomise oskusest.<\/p>\n<p style=\"text-align: right;\">Tekst: Harry Liivrand<\/p>\n<p>[\/vc_column_text][\/vc_column][\/vc_row]<\/p>\n<\/div>","protected":false},"excerpt":{"rendered":"<p>[vc_row][vc_column][vc_column_text css=&#8221;&#8221; woodmart_inline=&#8221;no&#8221; text_larger=&#8221;no&#8221;] Tempera papil. 1967. P\u00f6\u00f6rdel eraldi papil: Nat\u00fc\u00fcrmort 50&#215;70 papp. temp. 1967 A. Kongo Legendaarsesse 1940. aasta<\/p>\n","protected":false},"featured_media":40101,"template":"","meta":{"_acf_changed":false},"product_brand":[],"product_cat":[435],"product_tag":[],"class_list":{"0":"post-40981","1":"product","2":"type-product","3":"status-publish","4":"has-post-thumbnail","6":"product_cat-kevadoksjon-2026","7":"auction-is-open","9":"first","10":"instock","11":"shipping-taxable","12":"purchasable","13":"product-type-auction"},"acf":[],"_links":{"self":[{"href":"https:\/\/alleegalerii.ee\/en\/wp-json\/wp\/v2\/product\/40981","targetHints":{"allow":["GET"]}}],"collection":[{"href":"https:\/\/alleegalerii.ee\/en\/wp-json\/wp\/v2\/product"}],"about":[{"href":"https:\/\/alleegalerii.ee\/en\/wp-json\/wp\/v2\/types\/product"}],"wp:featuredmedia":[{"embeddable":true,"href":"https:\/\/alleegalerii.ee\/en\/wp-json\/wp\/v2\/media\/40101"}],"wp:attachment":[{"href":"https:\/\/alleegalerii.ee\/en\/wp-json\/wp\/v2\/media?parent=40981"}],"wp:term":[{"taxonomy":"product_brand","embeddable":true,"href":"https:\/\/alleegalerii.ee\/en\/wp-json\/wp\/v2\/product_brand?post=40981"},{"taxonomy":"product_cat","embeddable":true,"href":"https:\/\/alleegalerii.ee\/en\/wp-json\/wp\/v2\/product_cat?post=40981"},{"taxonomy":"product_tag","embeddable":true,"href":"https:\/\/alleegalerii.ee\/en\/wp-json\/wp\/v2\/product_tag?post=40981"}],"curies":[{"name":"wp","href":"https:\/\/api.w.org\/{rel}","templated":true}]}}