{"id":40976,"date":"2026-04-15T12:55:00","date_gmt":"2026-04-15T09:55:00","guid":{"rendered":"https:\/\/alleegalerii.ee\/?post_type=product&#038;p=40976"},"modified":"2026-04-16T15:29:05","modified_gmt":"2026-04-16T12:29:05","slug":"123-aksel-tamme-linnud","status":"publish","type":"product","link":"https:\/\/alleegalerii.ee\/en\/shop\/123-aksel-tamme-linnud\/","title":{"rendered":"123. Aksel Tamme \"Birds\""},"content":{"rendered":"<div class=\"wpb-content-wrapper\"><p>[vc_row][vc_column][vc_column_text css=&#8221;&#8221; woodmart_inline=&#8221;no&#8221; text_larger=&#8221;no&#8221;]<\/p>\n<h5>\u00d5li masoniidil. 1967.<br \/>\nAll vasakul: Tamme<br \/>\nP\u00f6\u00f6rdel: P\u00fchendus. Aksel Tamme 3.9.1967 Toronto<\/h5>\n<p><span style=\"font-weight: 400;\">Keskse realistliku linnukujundi efektselt keerulise joontev\u00f5rguga ja abstraheeritud linnufragmentidega \u00fcmbritsenud Aksel Tamme (1912-1975) kujundas 1960. aastatel Torontos v\u00e4lja talle omase dekoratiivse poolabstraktse v\u00e4ljenduslaadi, milles aimub kursisolekut ulatusliku s\u00fcrrealistliku traditsiooniga.\u00a0<\/span><\/p>\n<p><span style=\"font-weight: 400;\">Eelk\u00f5ige tegeleb Tamme teosel vormiprobleemiga, v\u00e4rv on talle siinjuures abivahend. Orgaaniliste vormide ja teravate kolmnurksete kontuuride \u00fcleminekud annavad maalile d\u00fcnaamilisust ja kutsuvad osa saama lindude maailma p\u00f5nevast maailmast.<\/span><\/p>\n<p style=\"text-align: right;\"><span style=\"font-weight: 400;\">Tekst: Harry Liivrand<\/span><\/p>\n<p>[\/vc_column_text][\/vc_column][\/vc_row]<\/p>\n<\/div>","protected":false},"excerpt":{"rendered":"<p>[vc_row][vc_column][vc_column_text css=&#8221;&#8221; woodmart_inline=&#8221;no&#8221; text_larger=&#8221;no&#8221;] \u00d5li masoniidil. 1967. All vasakul: Tamme P\u00f6\u00f6rdel: P\u00fchendus. Aksel Tamme 3.9.1967 Toronto Keskse realistliku linnukujundi efektselt<\/p>\n","protected":false},"featured_media":40028,"template":"","meta":{"_acf_changed":false},"product_brand":[],"product_cat":[435],"product_tag":[],"class_list":{"0":"post-40976","1":"product","2":"type-product","3":"status-publish","4":"has-post-thumbnail","6":"product_cat-kevadoksjon-2026","7":"auction-is-open","9":"first","10":"instock","11":"shipping-taxable","12":"purchasable","13":"product-type-auction"},"acf":[],"_links":{"self":[{"href":"https:\/\/alleegalerii.ee\/en\/wp-json\/wp\/v2\/product\/40976","targetHints":{"allow":["GET"]}}],"collection":[{"href":"https:\/\/alleegalerii.ee\/en\/wp-json\/wp\/v2\/product"}],"about":[{"href":"https:\/\/alleegalerii.ee\/en\/wp-json\/wp\/v2\/types\/product"}],"wp:featuredmedia":[{"embeddable":true,"href":"https:\/\/alleegalerii.ee\/en\/wp-json\/wp\/v2\/media\/40028"}],"wp:attachment":[{"href":"https:\/\/alleegalerii.ee\/en\/wp-json\/wp\/v2\/media?parent=40976"}],"wp:term":[{"taxonomy":"product_brand","embeddable":true,"href":"https:\/\/alleegalerii.ee\/en\/wp-json\/wp\/v2\/product_brand?post=40976"},{"taxonomy":"product_cat","embeddable":true,"href":"https:\/\/alleegalerii.ee\/en\/wp-json\/wp\/v2\/product_cat?post=40976"},{"taxonomy":"product_tag","embeddable":true,"href":"https:\/\/alleegalerii.ee\/en\/wp-json\/wp\/v2\/product_tag?post=40976"}],"curies":[{"name":"wp","href":"https:\/\/api.w.org\/{rel}","templated":true}]}}