{"id":40974,"date":"2026-04-15T13:15:40","date_gmt":"2026-04-15T10:15:40","guid":{"rendered":"https:\/\/alleegalerii.ee\/?post_type=product&#038;p=40974"},"modified":"2026-04-16T16:03:13","modified_gmt":"2026-04-16T13:03:13","slug":"157-marko-maetamm-litograafia","status":"publish","type":"product","link":"https:\/\/alleegalerii.ee\/en\/shop\/157-marko-maetamm-litograafia\/","title":{"rendered":"157. Marko M\u00e4etamm \u201cLithography\u201d"},"content":{"rendered":"<div class=\"wpb-content-wrapper\"><p>[vc_row][vc_column][vc_column_text css=&#8221;&#8221; woodmart_inline=&#8221;no&#8221; text_larger=&#8221;no&#8221;]<\/p>\n<h5>\u00d5li vineeril. 1993.<br \/>\nAll vasakul: M\u00c4ETAMM &#8217;93 &#8220;LITOGRAAFIA&#8221;<\/h5>\n<p>Biitlite &#8220;Kollase allveelaeva&#8221; stilistikas \u201cLitograafia&#8221; kujutab nii otseses kui kaudses t\u00e4henduses tr\u00fckiprotsessi graafikat ateljees. Marko M\u00e4etamm (s 1965) on siin t\u00f5elise dokumentalisti rollis, samale maalile koondab ta nagu keskaegsed meistrid mitu tegevust: n\u00e4eme nii graafilise lehe tr\u00fckkimist-rullimist kui tr\u00fckipressi alt t\u00f5mmise ettevaatlikku v\u00e4ljav\u00f5tmist ning \u00fclevaatamist. Omap\u00e4rane napp koloriit &#8211; must, valge, kollane, on M\u00e4etamme varasele loomingule v\u00e4ga omane.<\/p>\n<p>Teos kuulub M\u00e4etamme elualasid tutvustavate \u00f5limaalide limiteeritud sarja.<\/p>\n<p style=\"text-align: right;\">Tekst: Harry Liivrand<\/p>\n<p>[\/vc_column_text][\/vc_column][\/vc_row]<\/p>\n<\/div>","protected":false},"excerpt":{"rendered":"<p>[vc_row][vc_column][vc_column_text css=&#8221;&#8221; woodmart_inline=&#8221;no&#8221; text_larger=&#8221;no&#8221;] \u00d5li vineeril. 1993. All vasakul: M\u00c4ETAMM &#8217;93 &#8220;LITOGRAAFIA&#8221; Biitlite &#8220;Kollase allveelaeva&#8221; stilistikas \u201cLitograafia&#8221; kujutab nii otseses<\/p>\n","protected":false},"featured_media":38649,"template":"","meta":{"_acf_changed":false},"product_brand":[],"product_cat":[435],"product_tag":[],"class_list":{"0":"post-40974","1":"product","2":"type-product","3":"status-publish","4":"has-post-thumbnail","6":"product_cat-kevadoksjon-2026","7":"auction-is-open","9":"first","10":"instock","11":"shipping-taxable","12":"purchasable","13":"product-type-auction"},"acf":[],"_links":{"self":[{"href":"https:\/\/alleegalerii.ee\/en\/wp-json\/wp\/v2\/product\/40974","targetHints":{"allow":["GET"]}}],"collection":[{"href":"https:\/\/alleegalerii.ee\/en\/wp-json\/wp\/v2\/product"}],"about":[{"href":"https:\/\/alleegalerii.ee\/en\/wp-json\/wp\/v2\/types\/product"}],"wp:featuredmedia":[{"embeddable":true,"href":"https:\/\/alleegalerii.ee\/en\/wp-json\/wp\/v2\/media\/38649"}],"wp:attachment":[{"href":"https:\/\/alleegalerii.ee\/en\/wp-json\/wp\/v2\/media?parent=40974"}],"wp:term":[{"taxonomy":"product_brand","embeddable":true,"href":"https:\/\/alleegalerii.ee\/en\/wp-json\/wp\/v2\/product_brand?post=40974"},{"taxonomy":"product_cat","embeddable":true,"href":"https:\/\/alleegalerii.ee\/en\/wp-json\/wp\/v2\/product_cat?post=40974"},{"taxonomy":"product_tag","embeddable":true,"href":"https:\/\/alleegalerii.ee\/en\/wp-json\/wp\/v2\/product_tag?post=40974"}],"curies":[{"name":"wp","href":"https:\/\/api.w.org\/{rel}","templated":true}]}}