{"id":40970,"date":"2026-04-15T13:01:25","date_gmt":"2026-04-15T10:01:25","guid":{"rendered":"https:\/\/alleegalerii.ee\/?post_type=product&#038;p=40970"},"modified":"2026-04-20T18:01:13","modified_gmt":"2026-04-20T15:01:13","slug":"134-richard-sagrits-toolse-rand-rutja-lahedalt","status":"publish","type":"product","link":"https:\/\/alleegalerii.ee\/en\/shop\/134-richard-sagrits-toolse-rand-rutja-lahedalt\/","title":{"rendered":"134. Richard Sagrits \u201cToolse Beach near Rutja\u201d"},"content":{"rendered":"<div class=\"wpb-content-wrapper\"><p>[vc_row][vc_column][vc_column_text css=&#8221;&#8221; woodmart_inline=&#8221;no&#8221; text_larger=&#8221;no&#8221;]<\/p>\n<h5>\u00d5li l\u00f5uend kleebitud kartongile. 1954.<br \/>\nAll paremal: R. Sagrits 54<br \/>\nP\u00f6\u00f6rdel: P\u00fchendus. Toolse rand Rutja l\u00e4hedal<\/h5>\n<p>Pallaslane Richard Sagrits (1910-1968) on oma s\u00f5bra Richard Uutmaa k\u00f5rval \u00fcks p\u00fchendunumaid rannamaastike j\u00e4\u00e4dvustajaid eesti maalikunstis. Olles ise p\u00e4rit p\u00f5hjarannikult Karepalt, oskas ta s\u00fcgavalt tunnetada ja edasi anda sealse maastiku olemust.<\/p>\n<p>Sagritsa kodutalu asus Selja j\u00f5e \u00e4\u00e4res, millest teisel pool asus Rutja k\u00fcla. Just sinna ta on end s\u00e4ttinud, et kujutada taamalt paistvat Eesti p\u00f5hjapoolseimat ordulinnust Toolset. Meie ees on klassikaline n\u00e4ide Sagritsa v\u00f5imest muuta p\u00f5hjamaine rannikumaastik panoraamseks ja valgusk\u00fcllaseks vaatem\u00e4nguks. Kunstnik suunab vaataja pilgu madalale rannapiirile, kus kivid ja rohtunud kaldariba vahelduvad veepeegeldustega. Elavdavaks detailiks on ta lisanud merekallast alati saatva kajaka. See on intiimne, kuid samas monumentaalse haardega vaade, mis peegeldab kunstniku s\u00fcgavat sidet oma kodukandiga.<\/p>\n<p style=\"text-align: right;\">Tekst: Katre Palm<\/p>\n<p>[\/vc_column_text][\/vc_column][\/vc_row]<\/p>\n<\/div>","protected":false},"excerpt":{"rendered":"<p>[vc_row][vc_column][vc_column_text css=&#8221;&#8221; woodmart_inline=&#8221;no&#8221; text_larger=&#8221;no&#8221;] \u00d5li l\u00f5uend kleebitud kartongile. 1954. All paremal: R. Sagrits 54 P\u00f6\u00f6rdel: P\u00fchendus. Toolse rand Rutja l\u00e4hedal<\/p>\n","protected":false},"featured_media":39031,"template":"","meta":{"_acf_changed":false},"product_brand":[],"product_cat":[435],"product_tag":[],"class_list":{"0":"post-40970","1":"product","2":"type-product","3":"status-publish","4":"has-post-thumbnail","6":"product_cat-kevadoksjon-2026","7":"auction-is-open","8":"current-user-is-not-highest-bidder","10":"first","11":"instock","12":"shipping-taxable","13":"purchasable","14":"product-type-auction"},"acf":[],"_links":{"self":[{"href":"https:\/\/alleegalerii.ee\/en\/wp-json\/wp\/v2\/product\/40970","targetHints":{"allow":["GET"]}}],"collection":[{"href":"https:\/\/alleegalerii.ee\/en\/wp-json\/wp\/v2\/product"}],"about":[{"href":"https:\/\/alleegalerii.ee\/en\/wp-json\/wp\/v2\/types\/product"}],"wp:featuredmedia":[{"embeddable":true,"href":"https:\/\/alleegalerii.ee\/en\/wp-json\/wp\/v2\/media\/39031"}],"wp:attachment":[{"href":"https:\/\/alleegalerii.ee\/en\/wp-json\/wp\/v2\/media?parent=40970"}],"wp:term":[{"taxonomy":"product_brand","embeddable":true,"href":"https:\/\/alleegalerii.ee\/en\/wp-json\/wp\/v2\/product_brand?post=40970"},{"taxonomy":"product_cat","embeddable":true,"href":"https:\/\/alleegalerii.ee\/en\/wp-json\/wp\/v2\/product_cat?post=40970"},{"taxonomy":"product_tag","embeddable":true,"href":"https:\/\/alleegalerii.ee\/en\/wp-json\/wp\/v2\/product_tag?post=40970"}],"curies":[{"name":"wp","href":"https:\/\/api.w.org\/{rel}","templated":true}]}}