{"id":40969,"date":"2026-04-15T13:02:03","date_gmt":"2026-04-15T10:02:03","guid":{"rendered":"https:\/\/alleegalerii.ee\/?post_type=product&#038;p=40969"},"modified":"2026-04-16T15:33:58","modified_gmt":"2026-04-16T12:33:58","slug":"136-alfred-kongo-vaade-rodult-punastele-katustele","status":"publish","type":"product","link":"https:\/\/alleegalerii.ee\/en\/shop\/136-alfred-kongo-vaade-rodult-punastele-katustele\/","title":{"rendered":"136. Alfred Kongo \u201cView from the Balcony to the Red Roofs\u201d"},"content":{"rendered":"<div class=\"wpb-content-wrapper\"><p>[vc_row][vc_column][vc_column_text css=&#8221;&#8221; woodmart_inline=&#8221;no&#8221; text_larger=&#8221;no&#8221;]<\/p>\n<h5>\u00d5li kartongil. 1980ndate l\u00f5pp<\/h5>\n<p><span style=\"font-weight: 400;\">Pallaslane Alfred Kongo (1906-1990) oli argiste motiivide imeline maalija, tugevate kergelt segatud v\u00e4rvide kasutaja ja osav emotsioonide tekitaja. Teda v\u00f5iks selles osas v\u00f5rrelda koolikaaslase Viktor Karrusega, kuid Kongo oli tehniliselt kontrollitum ja m\u00f5istusp\u00e4rasem.\u00a0<\/span><\/p>\n<p><span style=\"font-weight: 400;\">See koloristlik meistriteos pretensioonitust motiivist on t\u00fckike ajalugu &#8211; Kongo teadaolevalt k\u00f5ige viimaseid Tartu kodu r\u00f5dult maalitud vaade. Seda \u00f5dusat motiivi maalis ta korduvalt, varieerides ilma ja kellaaegu, mis v\u00f5isid tulemust pea tundmatuseni muuta. K\u00e4esolev panoraam rohelise v\u00e4rvi erinevates spektrites maastiku keskelt paistvale punakas-oran\u017eide katustega asulale ja \u00f5htutaevale on klassikaliselt tasakaalustatud ja varjundirikas (maali j\u00f5uline punakasoran\u017e parem k\u00fclg versus roheline v\u00e4rv \u00fcldkoloriidina). Meeleolukas teos.<\/span><\/p>\n<p style=\"text-align: right;\"><span style=\"font-weight: 400;\">Tekst: Harry Liivrand<\/span><\/p>\n<p>[\/vc_column_text][\/vc_column][\/vc_row]<\/p>\n<\/div>","protected":false},"excerpt":{"rendered":"<p>[vc_row][vc_column][vc_column_text css=&#8221;&#8221; woodmart_inline=&#8221;no&#8221; text_larger=&#8221;no&#8221;] \u00d5li kartongil. 1980ndate l\u00f5pp Pallaslane Alfred Kongo (1906-1990) oli argiste motiivide imeline maalija, tugevate kergelt segatud<\/p>\n","protected":false},"featured_media":40357,"template":"","meta":{"_acf_changed":false},"product_brand":[],"product_cat":[435],"product_tag":[],"class_list":{"0":"post-40969","1":"product","2":"type-product","3":"status-publish","4":"has-post-thumbnail","6":"product_cat-kevadoksjon-2026","7":"auction-is-open","9":"first","10":"instock","11":"shipping-taxable","12":"purchasable","13":"product-type-auction"},"acf":[],"_links":{"self":[{"href":"https:\/\/alleegalerii.ee\/en\/wp-json\/wp\/v2\/product\/40969","targetHints":{"allow":["GET"]}}],"collection":[{"href":"https:\/\/alleegalerii.ee\/en\/wp-json\/wp\/v2\/product"}],"about":[{"href":"https:\/\/alleegalerii.ee\/en\/wp-json\/wp\/v2\/types\/product"}],"wp:featuredmedia":[{"embeddable":true,"href":"https:\/\/alleegalerii.ee\/en\/wp-json\/wp\/v2\/media\/40357"}],"wp:attachment":[{"href":"https:\/\/alleegalerii.ee\/en\/wp-json\/wp\/v2\/media?parent=40969"}],"wp:term":[{"taxonomy":"product_brand","embeddable":true,"href":"https:\/\/alleegalerii.ee\/en\/wp-json\/wp\/v2\/product_brand?post=40969"},{"taxonomy":"product_cat","embeddable":true,"href":"https:\/\/alleegalerii.ee\/en\/wp-json\/wp\/v2\/product_cat?post=40969"},{"taxonomy":"product_tag","embeddable":true,"href":"https:\/\/alleegalerii.ee\/en\/wp-json\/wp\/v2\/product_tag?post=40969"}],"curies":[{"name":"wp","href":"https:\/\/api.w.org\/{rel}","templated":true}]}}