{"id":40968,"date":"2026-04-15T14:00:10","date_gmt":"2026-04-15T11:00:10","guid":{"rendered":"https:\/\/alleegalerii.ee\/?post_type=product&#038;p=40968"},"modified":"2026-04-16T17:00:50","modified_gmt":"2026-04-16T14:00:50","slug":"225-peeter-mudist-heleroheline-vikerkaar-hortensiad","status":"publish","type":"product","link":"https:\/\/alleegalerii.ee\/en\/shop\/225-peeter-mudist-heleroheline-vikerkaar-hortensiad\/","title":{"rendered":"225. Peeter Mudist \u201cLight Green Rainbow \/ Hydrangeas\u201d"},"content":{"rendered":"<div class=\"wpb-content-wrapper\"><p>[vc_row][vc_column][vc_column_text css=&#8221;&#8221; woodmart_inline=&#8221;no&#8221; text_larger=&#8221;no&#8221;]<\/p>\n<h5>\u00d5li l\u00f5uendil. 1990ndate teine pool\/2000ndate algus<br \/>\nAll keskel: P. Mudist<br \/>\nP\u00f6\u00f6rdel alusraamil: P. Mudist &#8220;Heleroheline vikerkaar&#8221;. (Tegelikult &#8220;Hortensiad&#8221;) Selgitus vahetustehingust Peeter Mudisti ja Tiit P\u00e4\u00e4sukese vahel<\/h5>\n<p>Maalipoeet Peeter Mudist (1942-2013) l\u00e4henes oma k\u00fcpsemas loomingueas aina enam Marc Chagalli spirituaalsele v\u00e4ljenduslaadile. Selle vaimsus laiemas t\u00e4henduses v\u00e4ljendus ka tema enda vaates elule ja sellest r\u00f5\u00f5mutundmisele.<\/p>\n<p>Mudist oskas hinnata oma kolleege ning ka k\u00e4esoleval maalil on sellega tugev seos. Nimelt vahetasid kaks s\u00f5pra &#8211; Peeter Mudist ja Tiit P\u00e4\u00e4suke omavahel maale ning see kevadiselt v\u00e4rske s\u00f5\u00f5m puhast loomeenergiat j\u00e4i P\u00e4\u00e4sukesele. Pidulikku vahetusmomenti kinnitas tunnistajana kunstiteadlane Reeli K\u00f5iv ning lugu on talletatud ka teose tagak\u00fcljele.<\/p>\n<p>Maalil endal on kaks nime, ent kumb neist valida, j\u00e4\u00e4b vaataja otsustada &#8211; vastus on \u00f5ige igal juhul, sest Mudist lummab meid nii lopsakate hortensiate kui helerohelise vikerkaarega. Realism ja fantaasia kohtuvad sel maalil harmoonilises suhtes.<\/p>\n<p style=\"text-align: right;\">Tekst: Harry Liivrand, Katre Palm<\/p>\n<p>[\/vc_column_text][\/vc_column][\/vc_row]<\/p>\n<\/div>","protected":false},"excerpt":{"rendered":"<p>[vc_row][vc_column][vc_column_text css=&#8221;&#8221; woodmart_inline=&#8221;no&#8221; text_larger=&#8221;no&#8221;] \u00d5li l\u00f5uendil. 1990ndate teine pool\/2000ndate algus All keskel: P. Mudist P\u00f6\u00f6rdel alusraamil: P. Mudist &#8220;Heleroheline vikerkaar&#8221;.<\/p>\n","protected":false},"featured_media":38702,"template":"","meta":{"_acf_changed":false},"product_brand":[],"product_cat":[435],"product_tag":[],"class_list":{"0":"post-40968","1":"product","2":"type-product","3":"status-publish","4":"has-post-thumbnail","6":"product_cat-kevadoksjon-2026","7":"auction-is-open","9":"first","10":"instock","11":"shipping-taxable","12":"purchasable","13":"product-type-auction"},"acf":[],"_links":{"self":[{"href":"https:\/\/alleegalerii.ee\/en\/wp-json\/wp\/v2\/product\/40968","targetHints":{"allow":["GET"]}}],"collection":[{"href":"https:\/\/alleegalerii.ee\/en\/wp-json\/wp\/v2\/product"}],"about":[{"href":"https:\/\/alleegalerii.ee\/en\/wp-json\/wp\/v2\/types\/product"}],"wp:featuredmedia":[{"embeddable":true,"href":"https:\/\/alleegalerii.ee\/en\/wp-json\/wp\/v2\/media\/38702"}],"wp:attachment":[{"href":"https:\/\/alleegalerii.ee\/en\/wp-json\/wp\/v2\/media?parent=40968"}],"wp:term":[{"taxonomy":"product_brand","embeddable":true,"href":"https:\/\/alleegalerii.ee\/en\/wp-json\/wp\/v2\/product_brand?post=40968"},{"taxonomy":"product_cat","embeddable":true,"href":"https:\/\/alleegalerii.ee\/en\/wp-json\/wp\/v2\/product_cat?post=40968"},{"taxonomy":"product_tag","embeddable":true,"href":"https:\/\/alleegalerii.ee\/en\/wp-json\/wp\/v2\/product_tag?post=40968"}],"curies":[{"name":"wp","href":"https:\/\/api.w.org\/{rel}","templated":true}]}}