{"id":40966,"date":"2026-04-15T10:23:23","date_gmt":"2026-04-15T07:23:23","guid":{"rendered":"https:\/\/alleegalerii.ee\/?post_type=product&#038;p=40966"},"modified":"2026-04-16T15:27:44","modified_gmt":"2026-04-16T12:27:44","slug":"118-leonhard-lapin-benno-bladrikorni-eluroom-arvamused-ja-mottetu-surm-kohvikus-pelegria","status":"publish","type":"product","link":"https:\/\/alleegalerii.ee\/en\/shop\/118-leonhard-lapin-benno-bladrikorni-eluroom-arvamused-ja-mottetu-surm-kohvikus-pelegria\/","title":{"rendered":"118. Leonhard Lapin \u201cBenno Bladrikorn\u2019s Joy of Life, Opinions, and Pointless Death at Caf\u00e9 Pelegria\u201d"},"content":{"rendered":"<div class=\"wpb-content-wrapper\"><p>[vc_row][vc_column][vc_column_text css=&#8221;&#8221; woodmart_inline=&#8221;no&#8221; text_larger=&#8221;no&#8221;]<\/p>\n<h5>Siiditr\u00fckk paberil. 1979\/1995.<br \/>\nAll vasakul: Benno Bladrikorni elur\u00f5\u00f5m, arvamused ja m\u00f5ttetu surm kohvikus &#8220;Pelegria&#8221; 1970. a siiditr\u00fckk 8\/40<br \/>\nAll paremal: Leonhard Lapin 1970\/1995<\/h5>\n<p>Avangardi juhtkuju Leonhard Lapini (1947-2022) k\u00e4e all valmis aastail 1970-1971 tu\u0161itehnikas eesti esimene originaalkoomiks &#8220;Benno Bladrikorni elur\u00f5\u00f5m, arvamused ja m\u00f5ttetu surm kohvikus Pelegria&#8221;, mis ilmus ajakirja &#8220;Noorus&#8221; rists\u00f5nade v\u00e4ljaandes &#8220;P\u00e4hklipureja&#8221;. T\u00e4naseks on koomiks muutunud osaks kodumaisest popkunsti narratiivist ning tema menule ja levikule on kaasa aidanud kunstniku siiditr\u00fckitehnikas t\u00f5mmised.<\/p>\n<p>Eksistentsialistlikele k\u00fcsimustele p\u00fchendatud absurdse koomiksi kangelase t\u00fcpaa\u017e on inspireeritud tulevase arhitekti Henno Adrikorni boheemlikust elust ja juhtumustest Tallinna populaarses noortekohvikus &#8220;Pegasus&#8221;. 1995. aastal vormis Lapin tu\u0161ijoonistused \u00fcheks siiditr\u00fcki teoseks, mille haruldane t\u00f5mmis on esimest korda Eesti oksjoniajaloos pakkumisele tulemas.<\/p>\n<p style=\"text-align: right;\">Tekst: Harry Liivrand<\/p>\n<p>[\/vc_column_text][\/vc_column][\/vc_row]<\/p>\n<\/div>","protected":false},"excerpt":{"rendered":"<p>[vc_row][vc_column][vc_column_text css=&#8221;&#8221; woodmart_inline=&#8221;no&#8221; text_larger=&#8221;no&#8221;] Siiditr\u00fckk paberil. 1979\/1995. All vasakul: Benno Bladrikorni elur\u00f5\u00f5m, arvamused ja m\u00f5ttetu surm kohvikus &#8220;Pelegria&#8221; 1970. a<\/p>\n","protected":false},"featured_media":39736,"template":"","meta":{"_acf_changed":false},"product_brand":[],"product_cat":[435],"product_tag":[],"class_list":{"0":"post-40966","1":"product","2":"type-product","3":"status-publish","4":"has-post-thumbnail","6":"product_cat-kevadoksjon-2026","7":"auction-is-open","9":"first","10":"instock","11":"shipping-taxable","12":"purchasable","13":"product-type-auction"},"acf":[],"_links":{"self":[{"href":"https:\/\/alleegalerii.ee\/en\/wp-json\/wp\/v2\/product\/40966","targetHints":{"allow":["GET"]}}],"collection":[{"href":"https:\/\/alleegalerii.ee\/en\/wp-json\/wp\/v2\/product"}],"about":[{"href":"https:\/\/alleegalerii.ee\/en\/wp-json\/wp\/v2\/types\/product"}],"wp:featuredmedia":[{"embeddable":true,"href":"https:\/\/alleegalerii.ee\/en\/wp-json\/wp\/v2\/media\/39736"}],"wp:attachment":[{"href":"https:\/\/alleegalerii.ee\/en\/wp-json\/wp\/v2\/media?parent=40966"}],"wp:term":[{"taxonomy":"product_brand","embeddable":true,"href":"https:\/\/alleegalerii.ee\/en\/wp-json\/wp\/v2\/product_brand?post=40966"},{"taxonomy":"product_cat","embeddable":true,"href":"https:\/\/alleegalerii.ee\/en\/wp-json\/wp\/v2\/product_cat?post=40966"},{"taxonomy":"product_tag","embeddable":true,"href":"https:\/\/alleegalerii.ee\/en\/wp-json\/wp\/v2\/product_tag?post=40966"}],"curies":[{"name":"wp","href":"https:\/\/api.w.org\/{rel}","templated":true}]}}