{"id":40959,"date":"2026-04-15T12:50:49","date_gmt":"2026-04-15T09:50:49","guid":{"rendered":"https:\/\/alleegalerii.ee\/?post_type=product&#038;p=40959"},"modified":"2026-04-16T15:28:45","modified_gmt":"2026-04-16T12:28:45","slug":"122-avo-paistik-eeva-aadamale-ouna-andmas","status":"publish","type":"product","link":"https:\/\/alleegalerii.ee\/en\/shop\/122-avo-paistik-eeva-aadamale-ouna-andmas\/","title":{"rendered":"122. Avo Paistik \u201cEva Giving an Apple to Adam\u201d"},"content":{"rendered":"<div class=\"wpb-content-wrapper\"><p>[vc_row][vc_column][vc_column_text css=&#8221;&#8221; woodmart_inline=&#8221;no&#8221; text_larger=&#8221;no&#8221;]<\/p>\n<h5>\u00d5li masoniidil. 1994.<br \/>\nAll paremal: AVO 20. jaan 94.<br \/>\nP\u00f6\u00f6rdel: &#8211; Eeva Aadamale \u00f5una andmas &#8211; No 2 (I patt) \u00f5li AVO PAISTIK 29. jaan. 94. 655. pilt<\/h5>\n<p><span style=\"font-weight: 400;\">Rahvusvaheliselt hinnatud eesti multifilmilooja ja maalikunstniku Avo Paistiku (1936-2013)\u00a0 vabalooming on v\u00e4ljenduslaadilt s\u00fcrrealistlik, meeleolult aga l\u00f5bus. Francis Picabia ja Max Ernst on Paistiku vaimukaaslased, sest Paistik on naljamees ning humoristlikud situatsioonid inspireerivad teda am\u00fcsantsetele stseenidele ilma, et ta kunagi \u00fcletaks hea maitse piiri.\u00a0<\/span><\/p>\n<p><span style=\"font-weight: 400;\">Selgesti eristutavate inimsoo esivanemate Aadama ja Eeva figuuride kohal roomab madu, pattulangemisele \u00e4ssitaja, loetav on ka \u00f5una kujund ning nii on Vana Testamendi ilmselt kuulsaim stseen visuaalselt oma ikonograafiliste elementidega kaetud. K\u00f5ikv\u00f5imalikud muud maali katvad kujundid markeerivad Eedeni aia teisi elanikke.<\/span><\/p>\n<p style=\"text-align: right;\">Tekst: Harry Liivrand<\/p>\n<p>[\/vc_column_text][\/vc_column][\/vc_row]<\/p>\n<\/div>","protected":false},"excerpt":{"rendered":"<p>[vc_row][vc_column][vc_column_text css=&#8221;&#8221; woodmart_inline=&#8221;no&#8221; text_larger=&#8221;no&#8221;] \u00d5li masoniidil. 1994. All paremal: AVO 20. jaan 94. P\u00f6\u00f6rdel: &#8211; Eeva Aadamale \u00f5una andmas &#8211;<\/p>\n","protected":false},"featured_media":40497,"template":"","meta":{"_acf_changed":false},"product_brand":[],"product_cat":[435],"product_tag":[],"class_list":{"0":"post-40959","1":"product","2":"type-product","3":"status-publish","4":"has-post-thumbnail","6":"product_cat-kevadoksjon-2026","7":"auction-is-open","9":"first","10":"instock","11":"shipping-taxable","12":"purchasable","13":"product-type-auction"},"acf":[],"_links":{"self":[{"href":"https:\/\/alleegalerii.ee\/en\/wp-json\/wp\/v2\/product\/40959","targetHints":{"allow":["GET"]}}],"collection":[{"href":"https:\/\/alleegalerii.ee\/en\/wp-json\/wp\/v2\/product"}],"about":[{"href":"https:\/\/alleegalerii.ee\/en\/wp-json\/wp\/v2\/types\/product"}],"wp:featuredmedia":[{"embeddable":true,"href":"https:\/\/alleegalerii.ee\/en\/wp-json\/wp\/v2\/media\/40497"}],"wp:attachment":[{"href":"https:\/\/alleegalerii.ee\/en\/wp-json\/wp\/v2\/media?parent=40959"}],"wp:term":[{"taxonomy":"product_brand","embeddable":true,"href":"https:\/\/alleegalerii.ee\/en\/wp-json\/wp\/v2\/product_brand?post=40959"},{"taxonomy":"product_cat","embeddable":true,"href":"https:\/\/alleegalerii.ee\/en\/wp-json\/wp\/v2\/product_cat?post=40959"},{"taxonomy":"product_tag","embeddable":true,"href":"https:\/\/alleegalerii.ee\/en\/wp-json\/wp\/v2\/product_tag?post=40959"}],"curies":[{"name":"wp","href":"https:\/\/api.w.org\/{rel}","templated":true}]}}