{"id":40958,"date":"2026-04-15T13:32:50","date_gmt":"2026-04-15T10:32:50","guid":{"rendered":"https:\/\/alleegalerii.ee\/?post_type=product&#038;p=40958"},"modified":"2026-04-16T16:35:53","modified_gmt":"2026-04-16T13:35:53","slug":"190-malle-leis-tulbid-ja-kannikesed","status":"publish","type":"product","link":"https:\/\/alleegalerii.ee\/en\/shop\/190-malle-leis-tulbid-ja-kannikesed\/","title":{"rendered":"190. Malle Leis \u201cTulips and Pansies\u201d"},"content":{"rendered":"<div class=\"wpb-content-wrapper\"><p>[vc_row][vc_column][vc_column_text css=&#8221;&#8221; woodmart_inline=&#8221;no&#8221; text_larger=&#8221;no&#8221;]<\/p>\n<h5>Akvarell paberil. 1975.<br \/>\nAll paremal: LEIS 75<\/h5>\n<p style=\"text-align: right;\">\u201cVilgas, v\u00e4relev vaim,<br \/>\nkiirusta minu ellu.<br \/>\n\u00d5peta mulle lillede salatarkusi,<br \/>\nhoia mind l\u00f5pmatus lennus.\u201d<\/p>\n<p style=\"text-align: right;\">Katkend Doris Kareva luuletusest \u201cKoolibri\u201d<\/p>\n<p>Malle Leisi (1940-2017) kompositsioon tulpide ja kannikestega m\u00f5jub vaatajale kui s\u00fcgav s\u00f5\u00f5m kevadiselt v\u00e4rsket \u00f5hku &#8211; nii kr\u00f5mpsuvalt mahlakad, uimastavalt aromaatsed on tema teosel tantsisklevad \u00f5ied.<\/p>\n<p>Leis loob teosele liikumise l\u00e4bi \u00f5ite ja varte voogava r\u00fctmistuse ning paneb helireal jooksma mahlakad punased, p\u00e4ikesekollased ja violetsed toonid. Iga tulbi\u00f5it portreteerib ta kui indiviidi, \u00fckski neist ei kordu. Ent Leisile omaselt lisab ta teosele ka \u00fcllatusmomendi, paigutades tulpide keskele justkui infotahvlina m\u00f5juva vertikaalse geomeetrilise vormi, millele peidab \u00f5rnad kannikesed. Nii tekitab ta intellektuaalse nihke, mis paneb vaatajagi m\u00f5tisklema taimemaailma mitmekesise sisu \u00fcle.<\/p>\n<p style=\"text-align: right;\">Tekst: Katre Palm<\/p>\n<p>[\/vc_column_text][\/vc_column][\/vc_row]<\/p>\n<\/div>","protected":false},"excerpt":{"rendered":"<p>[vc_row][vc_column][vc_column_text css=&#8221;&#8221; woodmart_inline=&#8221;no&#8221; text_larger=&#8221;no&#8221;] Akvarell paberil. 1975. All paremal: LEIS 75 \u201cVilgas, v\u00e4relev vaim, kiirusta minu ellu. \u00d5peta mulle lillede<\/p>\n","protected":false},"featured_media":38748,"template":"","meta":{"_acf_changed":false},"product_brand":[],"product_cat":[435],"product_tag":[],"class_list":{"0":"post-40958","1":"product","2":"type-product","3":"status-publish","4":"has-post-thumbnail","6":"product_cat-kevadoksjon-2026","7":"auction-is-open","9":"first","10":"instock","11":"shipping-taxable","12":"purchasable","13":"product-type-auction"},"acf":[],"_links":{"self":[{"href":"https:\/\/alleegalerii.ee\/en\/wp-json\/wp\/v2\/product\/40958","targetHints":{"allow":["GET"]}}],"collection":[{"href":"https:\/\/alleegalerii.ee\/en\/wp-json\/wp\/v2\/product"}],"about":[{"href":"https:\/\/alleegalerii.ee\/en\/wp-json\/wp\/v2\/types\/product"}],"wp:featuredmedia":[{"embeddable":true,"href":"https:\/\/alleegalerii.ee\/en\/wp-json\/wp\/v2\/media\/38748"}],"wp:attachment":[{"href":"https:\/\/alleegalerii.ee\/en\/wp-json\/wp\/v2\/media?parent=40958"}],"wp:term":[{"taxonomy":"product_brand","embeddable":true,"href":"https:\/\/alleegalerii.ee\/en\/wp-json\/wp\/v2\/product_brand?post=40958"},{"taxonomy":"product_cat","embeddable":true,"href":"https:\/\/alleegalerii.ee\/en\/wp-json\/wp\/v2\/product_cat?post=40958"},{"taxonomy":"product_tag","embeddable":true,"href":"https:\/\/alleegalerii.ee\/en\/wp-json\/wp\/v2\/product_tag?post=40958"}],"curies":[{"name":"wp","href":"https:\/\/api.w.org\/{rel}","templated":true}]}}